{"id":228,"date":"2025-12-11T07:58:24","date_gmt":"2025-12-11T07:58:24","guid":{"rendered":"https:\/\/barbaboost.com\/?page_id=228"},"modified":"2025-12-11T07:59:49","modified_gmt":"2025-12-11T07:59:49","slug":"competences","status":"publish","type":"page","link":"https:\/\/barbaboost.com\/","title":{"rendered":"Comp\u00e9tences"},"content":{"rendered":"\t\t<div data-elementor-type=\"wp-page\" data-elementor-id=\"228\" class=\"elementor elementor-228\">\n\t\t\t\t<div class=\"elementor-element elementor-element-50d28a6e e-flex e-con-boxed wpr-particle-no wpr-jarallax-no wpr-parallax-no wpr-sticky-section-no wpr-equal-height-no e-con e-parent\" data-id=\"50d28a6e\" data-element_type=\"container\" data-e-type=\"container\">\n\t\t\t\t\t<div class=\"e-con-inner\">\n\t\t\t\t<div class=\"elementor-element elementor-element-6d40b6cc elementor-widget elementor-widget-image\" data-id=\"6d40b6cc\" data-element_type=\"widget\" data-e-type=\"widget\" data-widget_type=\"image.default\">\n\t\t\t\t\t\t\t\t\t\t\t\t\t\t\t<img fetchpriority=\"high\" decoding=\"async\" width=\"1073\" height=\"79\" src=\"https:\/\/barbaboost.com\/wp-content\/uploads\/2025\/11\/separateur.png\" class=\"attachment-full size-full wp-image-47\" alt=\"\" srcset=\"https:\/\/barbaboost.com\/wp-content\/uploads\/2025\/11\/separateur.png 1073w, https:\/\/barbaboost.com\/wp-content\/uploads\/2025\/11\/separateur-300x22.png 300w, https:\/\/barbaboost.com\/wp-content\/uploads\/2025\/11\/separateur-1024x75.png 1024w, https:\/\/barbaboost.com\/wp-content\/uploads\/2025\/11\/separateur-768x57.png 768w, https:\/\/barbaboost.com\/wp-content\/uploads\/2025\/11\/separateur-600x44.png 600w\" sizes=\"(max-width: 1073px) 100vw, 1073px\" \/>\t\t\t\t\t\t\t\t\t\t\t\t\t\t\t<\/div>\n\t\t\t\t\t<\/div>\n\t\t\t\t<\/div>\n\t\t<div class=\"elementor-element elementor-element-20d85016 e-grid e-con-boxed wpr-particle-no wpr-jarallax-no wpr-parallax-no wpr-sticky-section-no wpr-equal-height-no e-con e-parent\" data-id=\"20d85016\" data-element_type=\"container\" data-e-type=\"container\">\n\t\t\t\t\t<div class=\"e-con-inner\">\n\t\t\t\t<div class=\"elementor-element elementor-element-123c58a1 elementor-widget elementor-widget-text-editor\" data-id=\"123c58a1\" data-element_type=\"widget\" data-e-type=\"widget\" data-widget_type=\"text-editor.default\">\n\t\t\t\t\t\t\t\t\t<p>Je con\u00e7ois des<strong> <big>logo<\/big><\/strong> et <strong><big>charte graphique<\/big><\/strong> qui posent les bases d&rsquo;une image coh\u00e9rente et distinctive<\/p>\t\t\t\t\t\t\t\t<\/div>\n\t\t\t\t<div class=\"elementor-element elementor-element-241340cb animated-slow elementor-invisible elementor-widget elementor-widget-image\" data-id=\"241340cb\" data-element_type=\"widget\" data-e-type=\"widget\" data-settings=\"{&quot;_animation&quot;:&quot;bounceIn&quot;}\" data-widget_type=\"image.default\">\n\t\t\t\t\t\t\t\t\t\t\t\t\t\t\t<img decoding=\"async\" width=\"690\" height=\"400\" src=\"https:\/\/barbaboost.com\/wp-content\/uploads\/2025\/11\/IllusLogo.png\" class=\"attachment-chic-lite-latest size-chic-lite-latest wp-image-46\" alt=\"picto logo\" srcset=\"https:\/\/barbaboost.com\/wp-content\/uploads\/2025\/11\/IllusLogo.png 690w, https:\/\/barbaboost.com\/wp-content\/uploads\/2025\/11\/IllusLogo-300x174.png 300w, https:\/\/barbaboost.com\/wp-content\/uploads\/2025\/11\/IllusLogo-104x60.png 104w\" sizes=\"(max-width: 690px) 100vw, 690px\" \/>\t\t\t\t\t\t\t\t\t\t\t\t\t\t\t<\/div>\n\t\t\t\t\t<\/div>\n\t\t\t\t<\/div>\n\t\t<div class=\"elementor-element elementor-element-e7455c1 e-grid e-con-boxed wpr-particle-no wpr-jarallax-no wpr-parallax-no wpr-sticky-section-no wpr-equal-height-no e-con e-parent\" data-id=\"e7455c1\" data-element_type=\"container\" data-e-type=\"container\">\n\t\t\t\t\t<div class=\"e-con-inner\">\n\t\t\t\t<div class=\"elementor-element elementor-element-fde5c6f animated-slow elementor-invisible elementor-widget elementor-widget-image\" data-id=\"fde5c6f\" data-element_type=\"widget\" data-e-type=\"widget\" data-settings=\"{&quot;_animation&quot;:&quot;bounceIn&quot;}\" data-widget_type=\"image.default\">\n\t\t\t\t\t\t\t\t\t\t\t\t\t\t\t<img decoding=\"async\" width=\"720\" height=\"420\" src=\"https:\/\/barbaboost.com\/wp-content\/uploads\/2025\/11\/IllusPrint-720x420.png\" class=\"attachment-chic-lite-latest size-chic-lite-latest wp-image-51\" alt=\"picto habillage v\u00e9hicule\" \/>\t\t\t\t\t\t\t\t\t\t\t\t\t\t\t<\/div>\n\t\t\t\t<div class=\"elementor-element elementor-element-59aeb8f1 elementor-widget elementor-widget-text-editor\" data-id=\"59aeb8f1\" data-element_type=\"widget\" data-e-type=\"widget\" data-widget_type=\"text-editor.default\">\n\t\t\t\t\t\t\t\t\tJ&rsquo;assure la cr\u00e9ation de <strong><big>supports print<\/strong><\/big> &#8211; flyer, affiches, magazines &#8211; qui donnent du poids \u00e0 vos messages et s\u00e9duisent au premier regard.\t\t\t\t\t\t\t\t<\/div>\n\t\t\t\t\t<\/div>\n\t\t\t\t<\/div>\n\t\t<div class=\"elementor-element elementor-element-2784e624 e-flex e-con-boxed wpr-particle-no wpr-jarallax-no wpr-parallax-no wpr-sticky-section-no wpr-equal-height-no e-con e-parent\" data-id=\"2784e624\" data-element_type=\"container\" data-e-type=\"container\">\n\t\t\t\t\t<div class=\"e-con-inner\">\n\t\t\t\t<div class=\"elementor-element elementor-element-70ef0c37 elementor-widget elementor-widget-text-editor\" data-id=\"70ef0c37\" data-element_type=\"widget\" data-e-type=\"widget\" data-widget_type=\"text-editor.default\">\n\t\t\t\t\t\t\t\t\t<h4 style=\"text-align: center;\">Au-del\u00e0 de l&rsquo;\u00e9cran, j&rsquo;imagine l&rsquo;habillage de vos v\u00e9hicules et la r\u00e9alisation de vos enseignes, afin de rendre votre marque visible partout o\u00f9 elle se d\u00e9place.<\/h4>\t\t\t\t\t\t\t\t<\/div>\n\t\t\t\t\t<\/div>\n\t\t\t\t<\/div>\n\t\t<div class=\"elementor-element elementor-element-7c651ed1 e-grid e-con-boxed wpr-particle-no wpr-jarallax-no wpr-parallax-no wpr-sticky-section-no wpr-equal-height-no e-con e-parent\" data-id=\"7c651ed1\" data-element_type=\"container\" data-e-type=\"container\">\n\t\t\t\t\t<div class=\"e-con-inner\">\n\t\t\t\t<div class=\"elementor-element elementor-element-34660998 elementor-widget elementor-widget-text-editor\" data-id=\"34660998\" data-element_type=\"widget\" data-e-type=\"widget\" data-widget_type=\"text-editor.default\">\n\t\t\t\t\t\t\t\t\t<p>Mon savoir-faire s&rsquo;\u00e9tend aussi \u00e0 la production <strong><big>photo &amp; vid\u00e9o<\/big><\/strong> pour raconter des images uniques et authentiques et un accompagnement sur vos <strong><big>r\u00e9seaux sociaux<\/big><\/strong> avec du contenu pens\u00e9 pour engager et fid\u00e9liser votre communaut\u00e9.<\/p>\t\t\t\t\t\t\t\t<\/div>\n\t\t\t\t<div class=\"elementor-element elementor-element-705f8db4 animated-slow elementor-invisible elementor-widget elementor-widget-image\" data-id=\"705f8db4\" data-element_type=\"widget\" data-e-type=\"widget\" data-settings=\"{&quot;_animation&quot;:&quot;bounceIn&quot;}\" data-widget_type=\"image.default\">\n\t\t\t\t\t\t\t\t\t\t\t\t\t\t\t<img loading=\"lazy\" decoding=\"async\" width=\"644\" height=\"420\" src=\"https:\/\/barbaboost.com\/wp-content\/uploads\/2025\/11\/IllusRS-644x420.png\" class=\"attachment-chic-lite-latest size-chic-lite-latest wp-image-77\" alt=\"picto appareil photo\" \/>\t\t\t\t\t\t\t\t\t\t\t\t\t\t\t<\/div>\n\t\t\t\t\t<\/div>\n\t\t\t\t<\/div>\n\t\t<div class=\"elementor-element elementor-element-7847e555 e-flex e-con-boxed wpr-particle-no wpr-jarallax-no wpr-parallax-no wpr-sticky-section-no wpr-equal-height-no e-con e-parent\" data-id=\"7847e555\" data-element_type=\"container\" data-e-type=\"container\">\n\t\t\t\t\t<div class=\"e-con-inner\">\n\t\t\t\t<div class=\"elementor-element elementor-element-66a691cb elementor-widget elementor-widget-text-editor\" data-id=\"66a691cb\" data-element_type=\"widget\" data-e-type=\"widget\" data-widget_type=\"text-editor.default\">\n\t\t\t\t\t\t\t\t\t<h4 style=\"text-align: center;\">J&rsquo;accompagne mes client.es avec des r\u00e9cits visuels qui font sens<\/h4>\t\t\t\t\t\t\t\t<\/div>\n\t\t\t\t\t<\/div>\n\t\t\t\t<\/div>\n\t\t<div class=\"elementor-element elementor-element-38e2d8ff e-flex e-con-boxed wpr-particle-no wpr-jarallax-no wpr-parallax-no wpr-sticky-section-no wpr-equal-height-no e-con e-parent\" data-id=\"38e2d8ff\" data-element_type=\"container\" data-e-type=\"container\">\n\t\t\t\t\t<div class=\"e-con-inner\">\n\t\t\t\t<div class=\"elementor-element elementor-element-6eabadb8 elementor-widget elementor-widget-image\" data-id=\"6eabadb8\" data-element_type=\"widget\" data-e-type=\"widget\" data-widget_type=\"image.default\">\n\t\t\t\t\t\t\t\t\t\t\t\t\t\t\t<img loading=\"lazy\" decoding=\"async\" width=\"1024\" height=\"199\" src=\"https:\/\/barbaboost.com\/wp-content\/uploads\/2025\/11\/citation1-1024x199.png\" class=\"attachment-large size-large wp-image-79\" alt=\"\" srcset=\"https:\/\/barbaboost.com\/wp-content\/uploads\/2025\/11\/citation1-1024x199.png 1024w, https:\/\/barbaboost.com\/wp-content\/uploads\/2025\/11\/citation1-300x58.png 300w, https:\/\/barbaboost.com\/wp-content\/uploads\/2025\/11\/citation1-768x149.png 768w, https:\/\/barbaboost.com\/wp-content\/uploads\/2025\/11\/citation1-1536x299.png 1536w, https:\/\/barbaboost.com\/wp-content\/uploads\/2025\/11\/citation1-309x60.png 309w, https:\/\/barbaboost.com\/wp-content\/uploads\/2025\/11\/citation1.png 1800w\" sizes=\"(max-width: 1024px) 100vw, 1024px\" \/>\t\t\t\t\t\t\t\t\t\t\t\t\t\t\t<\/div>\n\t\t\t\t\t<\/div>\n\t\t\t\t<\/div>\n\t\t<div class=\"elementor-element elementor-element-2dfd9e72 e-flex e-con-boxed wpr-particle-no wpr-jarallax-no wpr-parallax-no wpr-sticky-section-no wpr-equal-height-no e-con e-parent\" data-id=\"2dfd9e72\" data-element_type=\"container\" data-e-type=\"container\">\n\t\t\t\t\t<div class=\"e-con-inner\">\n\t\t\t\t<div class=\"elementor-element elementor-element-39632912 animated-slow elementor-invisible elementor-widget elementor-widget-image\" data-id=\"39632912\" data-element_type=\"widget\" data-e-type=\"widget\" data-settings=\"{&quot;_animation&quot;:&quot;fadeIn&quot;}\" data-widget_type=\"image.default\">\n\t\t\t\t\t\t\t\t\t\t\t\t\t\t\t<img loading=\"lazy\" decoding=\"async\" width=\"1024\" height=\"794\" src=\"https:\/\/barbaboost.com\/wp-content\/uploads\/2025\/11\/ImgBasdePage1-1024x794.webp\" class=\"attachment-large size-large wp-image-81\" alt=\"\" srcset=\"https:\/\/barbaboost.com\/wp-content\/uploads\/2025\/11\/ImgBasdePage1-1024x794.webp 1024w, https:\/\/barbaboost.com\/wp-content\/uploads\/2025\/11\/ImgBasdePage1-300x233.webp 300w, https:\/\/barbaboost.com\/wp-content\/uploads\/2025\/11\/ImgBasdePage1-768x596.webp 768w, https:\/\/barbaboost.com\/wp-content\/uploads\/2025\/11\/ImgBasdePage1-1536x1191.webp 1536w, https:\/\/barbaboost.com\/wp-content\/uploads\/2025\/11\/ImgBasdePage1-77x60.webp 77w, https:\/\/barbaboost.com\/wp-content\/uploads\/2025\/11\/ImgBasdePage1.webp 1800w\" sizes=\"(max-width: 1024px) 100vw, 1024px\" \/>\t\t\t\t\t\t\t\t\t\t\t\t\t\t\t<\/div>\n\t\t\t\t\t<\/div>\n\t\t\t\t<\/div>\n\t\t\t\t<\/div>\n\t\t","protected":false},"excerpt":{"rendered":"<p>Je con\u00e7ois des logo et charte graphique qui posent les bases d&rsquo;une image coh\u00e9rente et distinctive J&rsquo;assure la cr\u00e9ation de supports print &#8211; flyer, affiches, &hellip; <\/p>\n","protected":false},"author":1,"featured_media":0,"parent":0,"menu_order":0,"comment_status":"closed","ping_status":"closed","template":"","meta":{"sfsi_plus_gutenberg_text_before_share":"","sfsi_plus_gutenberg_show_text_before_share":"","sfsi_plus_gutenberg_icon_type":"","sfsi_plus_gutenberg_icon_alignemt":"","sfsi_plus_gutenburg_max_per_row":"","footnotes":""},"class_list":["post-228","page","type-page","status-publish","hentry","latest_post"],"yoast_head":"<!-- This site is optimized with the Yoast SEO plugin v27.4 - https:\/\/yoast.com\/product\/yoast-seo-wordpress\/ -->\n<title>Comp\u00e9tences - Barba BOOST<\/title>\n<meta name=\"robots\" content=\"index, follow, max-snippet:-1, max-image-preview:large, max-video-preview:-1\" \/>\n<link rel=\"canonical\" href=\"https:\/\/barbaboost.com\/\" \/>\n<meta property=\"og:locale\" content=\"fr_FR\" \/>\n<meta property=\"og:type\" content=\"article\" \/>\n<meta property=\"og:title\" content=\"Comp\u00e9tences - Barba BOOST\" \/>\n<meta property=\"og:description\" content=\"Je con\u00e7ois des logo et charte graphique qui posent les bases d&rsquo;une image coh\u00e9rente et distinctive J&rsquo;assure la cr\u00e9ation de supports print &#8211; flyer, affiches, &hellip;\" \/>\n<meta property=\"og:url\" content=\"https:\/\/barbaboost.com\/\" \/>\n<meta property=\"og:site_name\" content=\"Barba BOOST\" \/>\n<meta property=\"article:publisher\" content=\"https:\/\/www.facebook.com\/people\/BARBA-BOOST\/61582244945286\/\" \/>\n<meta property=\"article:modified_time\" content=\"2025-12-11T07:59:49+00:00\" \/>\n<meta property=\"og:image\" content=\"http:\/\/barbaboost.com\/wp-content\/uploads\/2025\/11\/separateur.png\" \/>\n<meta name=\"twitter:card\" content=\"summary_large_image\" \/>\n<meta name=\"twitter:label1\" content=\"Dur\u00e9e de lecture estim\u00e9e\" \/>\n\t<meta name=\"twitter:data1\" content=\"1 minute\" \/>\n<script type=\"application\/ld+json\" class=\"yoast-schema-graph\">{\"@context\":\"https:\\\/\\\/schema.org\",\"@graph\":[{\"@type\":\"WebPage\",\"@id\":\"https:\\\/\\\/barbaboost.com\\\/\",\"url\":\"https:\\\/\\\/barbaboost.com\\\/\",\"name\":\"Comp\u00e9tences - Barba BOOST\",\"isPartOf\":{\"@id\":\"https:\\\/\\\/barbaboost.com\\\/#website\"},\"primaryImageOfPage\":{\"@id\":\"https:\\\/\\\/barbaboost.com\\\/#primaryimage\"},\"image\":{\"@id\":\"https:\\\/\\\/barbaboost.com\\\/#primaryimage\"},\"thumbnailUrl\":\"http:\\\/\\\/barbaboost.com\\\/wp-content\\\/uploads\\\/2025\\\/11\\\/separateur.png\",\"datePublished\":\"2025-12-11T07:58:24+00:00\",\"dateModified\":\"2025-12-11T07:59:49+00:00\",\"breadcrumb\":{\"@id\":\"https:\\\/\\\/barbaboost.com\\\/#breadcrumb\"},\"inLanguage\":\"fr-FR\",\"potentialAction\":[{\"@type\":\"ReadAction\",\"target\":[\"https:\\\/\\\/barbaboost.com\\\/\"]}]},{\"@type\":\"ImageObject\",\"inLanguage\":\"fr-FR\",\"@id\":\"https:\\\/\\\/barbaboost.com\\\/#primaryimage\",\"url\":\"http:\\\/\\\/barbaboost.com\\\/wp-content\\\/uploads\\\/2025\\\/11\\\/separateur.png\",\"contentUrl\":\"http:\\\/\\\/barbaboost.com\\\/wp-content\\\/uploads\\\/2025\\\/11\\\/separateur.png\"},{\"@type\":\"BreadcrumbList\",\"@id\":\"https:\\\/\\\/barbaboost.com\\\/#breadcrumb\",\"itemListElement\":[{\"@type\":\"ListItem\",\"position\":1,\"name\":\"Accueil\",\"item\":\"https:\\\/\\\/barbaboost.com\\\/\"},{\"@type\":\"ListItem\",\"position\":2,\"name\":\"Comp\u00e9tences\"}]},{\"@type\":\"WebSite\",\"@id\":\"https:\\\/\\\/barbaboost.com\\\/#website\",\"url\":\"https:\\\/\\\/barbaboost.com\\\/\",\"name\":\"Barba BOOST\",\"description\":\"Barba BOOST ta com&#039; \\\/ ton image \\\/ ta notori\u00e9t\u00e9\",\"publisher\":{\"@id\":\"https:\\\/\\\/barbaboost.com\\\/#organization\"},\"potentialAction\":[{\"@type\":\"SearchAction\",\"target\":{\"@type\":\"EntryPoint\",\"urlTemplate\":\"https:\\\/\\\/barbaboost.com\\\/?s={search_term_string}\"},\"query-input\":{\"@type\":\"PropertyValueSpecification\",\"valueRequired\":true,\"valueName\":\"search_term_string\"}}],\"inLanguage\":\"fr-FR\"},{\"@type\":\"Organization\",\"@id\":\"https:\\\/\\\/barbaboost.com\\\/#organization\",\"name\":\"Barba BOOST\",\"url\":\"https:\\\/\\\/barbaboost.com\\\/\",\"logo\":{\"@type\":\"ImageObject\",\"inLanguage\":\"fr-FR\",\"@id\":\"https:\\\/\\\/barbaboost.com\\\/#\\\/schema\\\/logo\\\/image\\\/\",\"url\":\"https:\\\/\\\/barbaboost.com\\\/wp-content\\\/uploads\\\/2025\\\/11\\\/logo.png\",\"contentUrl\":\"https:\\\/\\\/barbaboost.com\\\/wp-content\\\/uploads\\\/2025\\\/11\\\/logo.png\",\"width\":1021,\"height\":283,\"caption\":\"Barba BOOST\"},\"image\":{\"@id\":\"https:\\\/\\\/barbaboost.com\\\/#\\\/schema\\\/logo\\\/image\\\/\"},\"sameAs\":[\"https:\\\/\\\/www.facebook.com\\\/people\\\/BARBA-BOOST\\\/61582244945286\\\/\",\"https:\\\/\\\/www.instagram.com\\\/barbaboost\\\/\"]}]}<\/script>\n<!-- \/ Yoast SEO plugin. -->","yoast_head_json":{"title":"Comp\u00e9tences - Barba BOOST","robots":{"index":"index","follow":"follow","max-snippet":"max-snippet:-1","max-image-preview":"max-image-preview:large","max-video-preview":"max-video-preview:-1"},"canonical":"https:\/\/barbaboost.com\/","og_locale":"fr_FR","og_type":"article","og_title":"Comp\u00e9tences - Barba BOOST","og_description":"Je con\u00e7ois des logo et charte graphique qui posent les bases d&rsquo;une image coh\u00e9rente et distinctive J&rsquo;assure la cr\u00e9ation de supports print &#8211; flyer, affiches, &hellip;","og_url":"https:\/\/barbaboost.com\/","og_site_name":"Barba BOOST","article_publisher":"https:\/\/www.facebook.com\/people\/BARBA-BOOST\/61582244945286\/","article_modified_time":"2025-12-11T07:59:49+00:00","og_image":[{"url":"http:\/\/barbaboost.com\/wp-content\/uploads\/2025\/11\/separateur.png","type":"","width":"","height":""}],"twitter_card":"summary_large_image","twitter_misc":{"Dur\u00e9e de lecture estim\u00e9e":"1 minute"},"schema":{"@context":"https:\/\/schema.org","@graph":[{"@type":"WebPage","@id":"https:\/\/barbaboost.com\/","url":"https:\/\/barbaboost.com\/","name":"Comp\u00e9tences - Barba BOOST","isPartOf":{"@id":"https:\/\/barbaboost.com\/#website"},"primaryImageOfPage":{"@id":"https:\/\/barbaboost.com\/#primaryimage"},"image":{"@id":"https:\/\/barbaboost.com\/#primaryimage"},"thumbnailUrl":"http:\/\/barbaboost.com\/wp-content\/uploads\/2025\/11\/separateur.png","datePublished":"2025-12-11T07:58:24+00:00","dateModified":"2025-12-11T07:59:49+00:00","breadcrumb":{"@id":"https:\/\/barbaboost.com\/#breadcrumb"},"inLanguage":"fr-FR","potentialAction":[{"@type":"ReadAction","target":["https:\/\/barbaboost.com\/"]}]},{"@type":"ImageObject","inLanguage":"fr-FR","@id":"https:\/\/barbaboost.com\/#primaryimage","url":"http:\/\/barbaboost.com\/wp-content\/uploads\/2025\/11\/separateur.png","contentUrl":"http:\/\/barbaboost.com\/wp-content\/uploads\/2025\/11\/separateur.png"},{"@type":"BreadcrumbList","@id":"https:\/\/barbaboost.com\/#breadcrumb","itemListElement":[{"@type":"ListItem","position":1,"name":"Accueil","item":"https:\/\/barbaboost.com\/"},{"@type":"ListItem","position":2,"name":"Comp\u00e9tences"}]},{"@type":"WebSite","@id":"https:\/\/barbaboost.com\/#website","url":"https:\/\/barbaboost.com\/","name":"Barba BOOST","description":"Barba BOOST ta com&#039; \/ ton image \/ ta notori\u00e9t\u00e9","publisher":{"@id":"https:\/\/barbaboost.com\/#organization"},"potentialAction":[{"@type":"SearchAction","target":{"@type":"EntryPoint","urlTemplate":"https:\/\/barbaboost.com\/?s={search_term_string}"},"query-input":{"@type":"PropertyValueSpecification","valueRequired":true,"valueName":"search_term_string"}}],"inLanguage":"fr-FR"},{"@type":"Organization","@id":"https:\/\/barbaboost.com\/#organization","name":"Barba BOOST","url":"https:\/\/barbaboost.com\/","logo":{"@type":"ImageObject","inLanguage":"fr-FR","@id":"https:\/\/barbaboost.com\/#\/schema\/logo\/image\/","url":"https:\/\/barbaboost.com\/wp-content\/uploads\/2025\/11\/logo.png","contentUrl":"https:\/\/barbaboost.com\/wp-content\/uploads\/2025\/11\/logo.png","width":1021,"height":283,"caption":"Barba BOOST"},"image":{"@id":"https:\/\/barbaboost.com\/#\/schema\/logo\/image\/"},"sameAs":["https:\/\/www.facebook.com\/people\/BARBA-BOOST\/61582244945286\/","https:\/\/www.instagram.com\/barbaboost\/"]}]}},"_links":{"self":[{"href":"https:\/\/barbaboost.com\/index.php\/wp-json\/wp\/v2\/pages\/228","targetHints":{"allow":["GET"]}}],"collection":[{"href":"https:\/\/barbaboost.com\/index.php\/wp-json\/wp\/v2\/pages"}],"about":[{"href":"https:\/\/barbaboost.com\/index.php\/wp-json\/wp\/v2\/types\/page"}],"author":[{"embeddable":true,"href":"https:\/\/barbaboost.com\/index.php\/wp-json\/wp\/v2\/users\/1"}],"replies":[{"embeddable":true,"href":"https:\/\/barbaboost.com\/index.php\/wp-json\/wp\/v2\/comments?post=228"}],"version-history":[{"count":4,"href":"https:\/\/barbaboost.com\/index.php\/wp-json\/wp\/v2\/pages\/228\/revisions"}],"predecessor-version":[{"id":232,"href":"https:\/\/barbaboost.com\/index.php\/wp-json\/wp\/v2\/pages\/228\/revisions\/232"}],"wp:attachment":[{"href":"https:\/\/barbaboost.com\/index.php\/wp-json\/wp\/v2\/media?parent=228"}],"curies":[{"name":"wp","href":"https:\/\/api.w.org\/{rel}","templated":true}]}}