{"id":208,"date":"2025-12-04T10:27:15","date_gmt":"2025-12-04T10:27:15","guid":{"rendered":"https:\/\/barbaboost.com\/?page_id=208"},"modified":"2025-12-04T10:43:56","modified_gmt":"2025-12-04T10:43:56","slug":"elementor-208","status":"publish","type":"page","link":"https:\/\/barbaboost.com\/index.php\/elementor-208\/","title":{"rendered":"Harmony Energy"},"content":{"rendered":"\t\t<div data-elementor-type=\"wp-page\" data-elementor-id=\"208\" class=\"elementor elementor-208\">\n\t\t\t\t<div class=\"elementor-element elementor-element-3fa0b82e e-flex e-con-boxed wpr-particle-no wpr-jarallax-no wpr-parallax-no wpr-sticky-section-no wpr-equal-height-no e-con e-parent\" data-id=\"3fa0b82e\" data-element_type=\"container\" data-e-type=\"container\">\n\t\t\t\t\t<div class=\"e-con-inner\">\n\t\t\t\t<div class=\"elementor-element elementor-element-168faea5 elementor-widget elementor-widget-image\" data-id=\"168faea5\" data-element_type=\"widget\" data-e-type=\"widget\" data-widget_type=\"image.default\">\n\t\t\t\t\t\t\t\t\t\t\t\t\t\t\t<img fetchpriority=\"high\" decoding=\"async\" width=\"1073\" height=\"79\" src=\"https:\/\/barbaboost.com\/wp-content\/uploads\/2025\/11\/separateur.png\" class=\"attachment-full size-full wp-image-47\" alt=\"\" srcset=\"https:\/\/barbaboost.com\/wp-content\/uploads\/2025\/11\/separateur.png 1073w, https:\/\/barbaboost.com\/wp-content\/uploads\/2025\/11\/separateur-300x22.png 300w, https:\/\/barbaboost.com\/wp-content\/uploads\/2025\/11\/separateur-1024x75.png 1024w, https:\/\/barbaboost.com\/wp-content\/uploads\/2025\/11\/separateur-768x57.png 768w, https:\/\/barbaboost.com\/wp-content\/uploads\/2025\/11\/separateur-600x44.png 600w\" sizes=\"(max-width: 1073px) 100vw, 1073px\" \/>\t\t\t\t\t\t\t\t\t\t\t\t\t\t\t<\/div>\n\t\t\t\t\t<\/div>\n\t\t\t\t<\/div>\n\t\t<div class=\"elementor-element elementor-element-32eaf058 e-grid e-con-boxed wpr-particle-no wpr-jarallax-no wpr-parallax-no wpr-sticky-section-no wpr-equal-height-no e-con e-parent\" data-id=\"32eaf058\" data-element_type=\"container\" data-e-type=\"container\">\n\t\t\t\t\t<div class=\"e-con-inner\">\n\t\t\t\t<div class=\"elementor-element elementor-element-712d37fd elementor-widget elementor-widget-image\" data-id=\"712d37fd\" data-element_type=\"widget\" data-e-type=\"widget\" data-widget_type=\"image.default\">\n\t\t\t\t\t\t\t\t\t\t\t\t\t\t\t<img decoding=\"async\" width=\"1024\" height=\"633\" src=\"https:\/\/barbaboost.com\/wp-content\/uploads\/2025\/12\/carroussel-HE-07-1024x633.webp\" class=\"attachment-large size-large wp-image-203\" alt=\"Harmony Energy\" srcset=\"https:\/\/barbaboost.com\/wp-content\/uploads\/2025\/12\/carroussel-HE-07-1024x633.webp 1024w, https:\/\/barbaboost.com\/wp-content\/uploads\/2025\/12\/carroussel-HE-07-300x186.webp 300w, https:\/\/barbaboost.com\/wp-content\/uploads\/2025\/12\/carroussel-HE-07-768x475.webp 768w, https:\/\/barbaboost.com\/wp-content\/uploads\/2025\/12\/carroussel-HE-07-1536x950.webp 1536w, https:\/\/barbaboost.com\/wp-content\/uploads\/2025\/12\/carroussel-HE-07-97x60.webp 97w, https:\/\/barbaboost.com\/wp-content\/uploads\/2025\/12\/carroussel-HE-07.webp 1775w\" sizes=\"(max-width: 1024px) 100vw, 1024px\" \/>\t\t\t\t\t\t\t\t\t\t\t\t\t\t\t<\/div>\n\t\t\t\t<div class=\"elementor-element elementor-element-234addba elementor-widget elementor-widget-text-editor\" data-id=\"234addba\" data-element_type=\"widget\" data-e-type=\"widget\" data-widget_type=\"text-editor.default\">\n\t\t\t\t\t\t\t\t\t<h4>Conception des \u00e9l\u00e9ments de signal\u00e9tique pour une inauguration de site. Illustrations sur mesure et produits d\u00e9riv\u00e9s d\u00e9clin\u00e9s<\/h4>\t\t\t\t\t\t\t\t<\/div>\n\t\t\t\t\t<\/div>\n\t\t\t\t<\/div>\n\t\t<div class=\"elementor-element elementor-element-216e5b07 e-grid e-con-boxed wpr-particle-no wpr-jarallax-no wpr-parallax-no wpr-sticky-section-no wpr-equal-height-no e-con e-parent\" data-id=\"216e5b07\" data-element_type=\"container\" data-e-type=\"container\">\n\t\t\t\t\t<div class=\"e-con-inner\">\n\t\t\t\t<div class=\"elementor-element elementor-element-7a0fabbd elementor-widget elementor-widget-image\" data-id=\"7a0fabbd\" data-element_type=\"widget\" data-e-type=\"widget\" data-widget_type=\"image.default\">\n\t\t\t\t\t\t\t\t\t\t\t\t\t\t\t<img decoding=\"async\" width=\"1024\" height=\"1024\" src=\"https:\/\/barbaboost.com\/wp-content\/uploads\/2025\/12\/carroussel-HE-02-1024x1024.webp\" class=\"attachment-large size-large wp-image-211\" alt=\"\" srcset=\"https:\/\/barbaboost.com\/wp-content\/uploads\/2025\/12\/carroussel-HE-02-1024x1024.webp 1024w, https:\/\/barbaboost.com\/wp-content\/uploads\/2025\/12\/carroussel-HE-02-300x300.webp 300w, https:\/\/barbaboost.com\/wp-content\/uploads\/2025\/12\/carroussel-HE-02-150x150.webp 150w, https:\/\/barbaboost.com\/wp-content\/uploads\/2025\/12\/carroussel-HE-02-768x768.webp 768w, https:\/\/barbaboost.com\/wp-content\/uploads\/2025\/12\/carroussel-HE-02-1536x1536.webp 1536w, https:\/\/barbaboost.com\/wp-content\/uploads\/2025\/12\/carroussel-HE-02-2048x2048.webp 2048w, https:\/\/barbaboost.com\/wp-content\/uploads\/2025\/12\/carroussel-HE-02-60x60.webp 60w\" sizes=\"(max-width: 1024px) 100vw, 1024px\" \/>\t\t\t\t\t\t\t\t\t\t\t\t\t\t\t<\/div>\n\t\t\t\t<div class=\"elementor-element elementor-element-5ab86d09 elementor-widget elementor-widget-image\" data-id=\"5ab86d09\" data-element_type=\"widget\" data-e-type=\"widget\" data-widget_type=\"image.default\">\n\t\t\t\t\t\t\t\t\t\t\t\t\t\t\t<img loading=\"lazy\" decoding=\"async\" width=\"1024\" height=\"1024\" src=\"https:\/\/barbaboost.com\/wp-content\/uploads\/2025\/12\/carroussel-HE-04-1024x1024.webp\" class=\"attachment-large size-large wp-image-213\" alt=\"\" srcset=\"https:\/\/barbaboost.com\/wp-content\/uploads\/2025\/12\/carroussel-HE-04-1024x1024.webp 1024w, https:\/\/barbaboost.com\/wp-content\/uploads\/2025\/12\/carroussel-HE-04-300x300.webp 300w, https:\/\/barbaboost.com\/wp-content\/uploads\/2025\/12\/carroussel-HE-04-150x150.webp 150w, https:\/\/barbaboost.com\/wp-content\/uploads\/2025\/12\/carroussel-HE-04-768x768.webp 768w, https:\/\/barbaboost.com\/wp-content\/uploads\/2025\/12\/carroussel-HE-04-1536x1536.webp 1536w, https:\/\/barbaboost.com\/wp-content\/uploads\/2025\/12\/carroussel-HE-04-2048x2048.webp 2048w, https:\/\/barbaboost.com\/wp-content\/uploads\/2025\/12\/carroussel-HE-04-60x60.webp 60w, https:\/\/barbaboost.com\/wp-content\/uploads\/2025\/12\/carroussel-HE-04.webp 1920w\" sizes=\"(max-width: 1024px) 100vw, 1024px\" \/>\t\t\t\t\t\t\t\t\t\t\t\t\t\t\t<\/div>\n\t\t\t\t\t<\/div>\n\t\t\t\t<\/div>\n\t\t<div class=\"elementor-element elementor-element-79ada837 e-grid e-con-boxed wpr-particle-no wpr-jarallax-no wpr-parallax-no wpr-sticky-section-no wpr-equal-height-no e-con e-parent\" data-id=\"79ada837\" data-element_type=\"container\" data-e-type=\"container\">\n\t\t\t\t\t<div class=\"e-con-inner\">\n\t\t\t\t<div class=\"elementor-element elementor-element-1bfed70d elementor-widget elementor-widget-image\" data-id=\"1bfed70d\" data-element_type=\"widget\" data-e-type=\"widget\" data-widget_type=\"image.default\">\n\t\t\t\t\t\t\t\t\t\t\t\t\t\t\t<img loading=\"lazy\" decoding=\"async\" width=\"1024\" height=\"1024\" src=\"https:\/\/barbaboost.com\/wp-content\/uploads\/2025\/12\/carroussel-HE-03-1024x1024.webp\" class=\"attachment-large size-large wp-image-212\" alt=\"\" srcset=\"https:\/\/barbaboost.com\/wp-content\/uploads\/2025\/12\/carroussel-HE-03-1024x1024.webp 1024w, https:\/\/barbaboost.com\/wp-content\/uploads\/2025\/12\/carroussel-HE-03-300x300.webp 300w, https:\/\/barbaboost.com\/wp-content\/uploads\/2025\/12\/carroussel-HE-03-150x150.webp 150w, https:\/\/barbaboost.com\/wp-content\/uploads\/2025\/12\/carroussel-HE-03-768x768.webp 768w, https:\/\/barbaboost.com\/wp-content\/uploads\/2025\/12\/carroussel-HE-03-1536x1536.webp 1536w, https:\/\/barbaboost.com\/wp-content\/uploads\/2025\/12\/carroussel-HE-03-2048x2048.webp 1920w, https:\/\/barbaboost.com\/wp-content\/uploads\/2025\/12\/carroussel-HE-03-60x60.webp 60w\" sizes=\"(max-width: 1024px) 100vw, 1024px\" \/>\t\t\t\t\t\t\t\t\t\t\t\t\t\t\t<\/div>\n\t\t\t\t<div class=\"elementor-element elementor-element-479fbb3c elementor-widget elementor-widget-image\" data-id=\"479fbb3c\" data-element_type=\"widget\" data-e-type=\"widget\" data-widget_type=\"image.default\">\n\t\t\t\t\t\t\t\t\t\t\t\t\t\t\t<img loading=\"lazy\" decoding=\"async\" width=\"1024\" height=\"1024\" src=\"https:\/\/barbaboost.com\/wp-content\/uploads\/2025\/12\/carroussel-HE-01-1024x1024.webp\" class=\"attachment-large size-large wp-image-210\" alt=\"\" srcset=\"https:\/\/barbaboost.com\/wp-content\/uploads\/2025\/12\/carroussel-HE-01-1024x1024.webp 1024w, https:\/\/barbaboost.com\/wp-content\/uploads\/2025\/12\/carroussel-HE-01-300x300.webp 300w, https:\/\/barbaboost.com\/wp-content\/uploads\/2025\/12\/carroussel-HE-01-150x150.webp 150w, https:\/\/barbaboost.com\/wp-content\/uploads\/2025\/12\/carroussel-HE-01-768x768.webp 768w, https:\/\/barbaboost.com\/wp-content\/uploads\/2025\/12\/carroussel-HE-01-1536x1536.webp 1536w, https:\/\/barbaboost.com\/wp-content\/uploads\/2025\/12\/carroussel-HE-01.webp 1920w, https:\/\/barbaboost.com\/wp-content\/uploads\/2025\/12\/carroussel-HE-01-60x60.webp 60w\" sizes=\"(max-width: 1024px) 100vw, 1024px\" \/>\t\t\t\t\t\t\t\t\t\t\t\t\t\t\t<\/div>\n\t\t\t\t\t<\/div>\n\t\t\t\t<\/div>\n\t\t<div class=\"elementor-element elementor-element-5d997181 e-grid e-con-boxed wpr-particle-no wpr-jarallax-no wpr-parallax-no wpr-sticky-section-no wpr-equal-height-no e-con e-parent\" data-id=\"5d997181\" data-element_type=\"container\" data-e-type=\"container\">\n\t\t\t\t\t<div class=\"e-con-inner\">\n\t\t\t\t<div class=\"elementor-element elementor-element-661cf4c8 elementor-widget elementor-widget-image\" data-id=\"661cf4c8\" data-element_type=\"widget\" data-e-type=\"widget\" data-widget_type=\"image.default\">\n\t\t\t\t\t\t\t\t\t\t\t\t\t\t\t<img loading=\"lazy\" decoding=\"async\" width=\"1024\" height=\"1024\" src=\"https:\/\/barbaboost.com\/wp-content\/uploads\/2025\/12\/carroussel-HE-06-1024x1024.webp\" class=\"attachment-large size-large wp-image-215\" alt=\"\" srcset=\"https:\/\/barbaboost.com\/wp-content\/uploads\/2025\/12\/carroussel-HE-06-1024x1024.webp 1024w, https:\/\/barbaboost.com\/wp-content\/uploads\/2025\/12\/carroussel-HE-06-300x300.webp 300w, https:\/\/barbaboost.com\/wp-content\/uploads\/2025\/12\/carroussel-HE-06-150x150.webp 150w, https:\/\/barbaboost.com\/wp-content\/uploads\/2025\/12\/carroussel-HE-06-768x768.webp 768w, https:\/\/barbaboost.com\/wp-content\/uploads\/2025\/12\/carroussel-HE-06-1536x1536.webp 1536w, https:\/\/barbaboost.com\/wp-content\/uploads\/2025\/12\/carroussel-HE-06.webp 1920w, https:\/\/barbaboost.com\/wp-content\/uploads\/2025\/12\/carroussel-HE-06-60x60.webp 60w\" sizes=\"(max-width: 1024px) 100vw, 1024px\" \/>\t\t\t\t\t\t\t\t\t\t\t\t\t\t\t<\/div>\n\t\t\t\t<div class=\"elementor-element elementor-element-52ef11fe elementor-widget elementor-widget-image\" data-id=\"52ef11fe\" data-element_type=\"widget\" data-e-type=\"widget\" data-widget_type=\"image.default\">\n\t\t\t\t\t\t\t\t\t\t\t\t\t\t\t<img loading=\"lazy\" decoding=\"async\" width=\"1024\" height=\"1024\" src=\"https:\/\/barbaboost.com\/wp-content\/uploads\/2025\/12\/carroussel-HE-05-1024x1024.webp\" class=\"attachment-large size-large wp-image-214\" alt=\"\" srcset=\"https:\/\/barbaboost.com\/wp-content\/uploads\/2025\/12\/carroussel-HE-05-1024x1024.webp 1024w, https:\/\/barbaboost.com\/wp-content\/uploads\/2025\/12\/carroussel-HE-05-300x300.webp 300w, https:\/\/barbaboost.com\/wp-content\/uploads\/2025\/12\/carroussel-HE-05-150x150.webp 150w, https:\/\/barbaboost.com\/wp-content\/uploads\/2025\/12\/carroussel-HE-05-768x768.webp 768w, https:\/\/barbaboost.com\/wp-content\/uploads\/2025\/12\/carroussel-HE-05-1536x1536.webp 1536w, https:\/\/barbaboost.com\/wp-content\/uploads\/2025\/12\/carroussel-HE-05-2048x2048.webp 2048w, https:\/\/barbaboost.com\/wp-content\/uploads\/2025\/12\/carroussel-HE-05-60x60.webp 60w, https:\/\/barbaboost.com\/wp-content\/uploads\/2025\/12\/carroussel-HE-05.webp 1920w\" sizes=\"(max-width: 1024px) 100vw, 1024px\" \/>\t\t\t\t\t\t\t\t\t\t\t\t\t\t\t<\/div>\n\t\t\t\t\t<\/div>\n\t\t\t\t<\/div>\n\t\t<div class=\"elementor-element elementor-element-14820eaa e-flex e-con-boxed wpr-particle-no wpr-jarallax-no wpr-parallax-no wpr-sticky-section-no wpr-equal-height-no e-con e-parent\" data-id=\"14820eaa\" data-element_type=\"container\" data-e-type=\"container\">\n\t\t\t\t\t<div class=\"e-con-inner\">\n\t\t\t\t<div class=\"elementor-element elementor-element-10af7526 elementor-widget elementor-widget-image\" data-id=\"10af7526\" data-element_type=\"widget\" data-e-type=\"widget\" data-widget_type=\"image.default\">\n\t\t\t\t\t\t\t\t\t\t\t\t\t\t\t<img loading=\"lazy\" decoding=\"async\" width=\"1024\" height=\"339\" src=\"https:\/\/barbaboost.com\/wp-content\/uploads\/2025\/11\/fond.webp\" class=\"attachment-large size-large wp-image-168\" alt=\"fond barba boost\" srcset=\"https:\/\/barbaboost.com\/wp-content\/uploads\/2025\/11\/fond.webp 1024w, https:\/\/barbaboost.com\/wp-content\/uploads\/2025\/11\/fond-300x99.webp 300w, https:\/\/barbaboost.com\/wp-content\/uploads\/2025\/11\/fond-768x254.webp 768w, https:\/\/barbaboost.com\/wp-content\/uploads\/2025\/11\/fond-181x60.webp 181w\" sizes=\"(max-width: 1024px) 100vw, 1024px\" \/>\t\t\t\t\t\t\t\t\t\t\t\t\t\t\t<\/div>\n\t\t\t\t\t<\/div>\n\t\t\t\t<\/div>\n\t\t\t\t<\/div>\n\t\t","protected":false},"excerpt":{"rendered":"<p>Conception des \u00e9l\u00e9ments de signal\u00e9tique pour une inauguration de site. Illustrations sur mesure et produits d\u00e9riv\u00e9s d\u00e9clin\u00e9s<\/p>\n","protected":false},"author":1,"featured_media":0,"parent":0,"menu_order":0,"comment_status":"closed","ping_status":"closed","template":"","meta":{"sfsi_plus_gutenberg_text_before_share":"","sfsi_plus_gutenberg_show_text_before_share":"","sfsi_plus_gutenberg_icon_type":"","sfsi_plus_gutenberg_icon_alignemt":"","sfsi_plus_gutenburg_max_per_row":"","footnotes":""},"class_list":["post-208","page","type-page","status-publish","hentry","latest_post"],"yoast_head":"<!-- This site is optimized with the Yoast SEO plugin v27.4 - https:\/\/yoast.com\/product\/yoast-seo-wordpress\/ -->\n<title>Harmony Energy - Barba BOOST<\/title>\n<meta name=\"description\" content=\"Conception graphique autour d&#039;une inauguration, conception de panneau, kak\u00e9monos, d\u00e9pliants, illustrations personnalis\u00e9es d\u00e9clin\u00e9es.\" \/>\n<meta name=\"robots\" content=\"index, follow, max-snippet:-1, max-image-preview:large, max-video-preview:-1\" \/>\n<link rel=\"canonical\" href=\"https:\/\/barbaboost.com\/index.php\/elementor-208\/\" \/>\n<meta property=\"og:locale\" content=\"fr_FR\" \/>\n<meta property=\"og:type\" content=\"article\" \/>\n<meta property=\"og:title\" content=\"Harmony Energy - Barba BOOST\" \/>\n<meta property=\"og:description\" content=\"Conception graphique autour d&#039;une inauguration, conception de panneau, kak\u00e9monos, d\u00e9pliants, illustrations personnalis\u00e9es d\u00e9clin\u00e9es.\" \/>\n<meta property=\"og:url\" content=\"https:\/\/barbaboost.com\/index.php\/elementor-208\/\" \/>\n<meta property=\"og:site_name\" content=\"Barba BOOST\" \/>\n<meta property=\"article:publisher\" content=\"https:\/\/www.facebook.com\/people\/BARBA-BOOST\/61582244945286\/\" \/>\n<meta property=\"article:modified_time\" content=\"2025-12-04T10:43:56+00:00\" \/>\n<meta property=\"og:image\" content=\"http:\/\/barbaboost.com\/wp-content\/uploads\/2025\/11\/separateur.png\" \/>\n<meta name=\"twitter:card\" content=\"summary_large_image\" \/>\n<meta name=\"twitter:label1\" content=\"Dur\u00e9e de lecture estim\u00e9e\" \/>\n\t<meta name=\"twitter:data1\" content=\"3 minutes\" \/>\n<script type=\"application\/ld+json\" class=\"yoast-schema-graph\">{\"@context\":\"https:\\\/\\\/schema.org\",\"@graph\":[{\"@type\":\"WebPage\",\"@id\":\"https:\\\/\\\/barbaboost.com\\\/index.php\\\/elementor-208\\\/\",\"url\":\"https:\\\/\\\/barbaboost.com\\\/index.php\\\/elementor-208\\\/\",\"name\":\"Harmony Energy - Barba BOOST\",\"isPartOf\":{\"@id\":\"https:\\\/\\\/barbaboost.com\\\/#website\"},\"primaryImageOfPage\":{\"@id\":\"https:\\\/\\\/barbaboost.com\\\/index.php\\\/elementor-208\\\/#primaryimage\"},\"image\":{\"@id\":\"https:\\\/\\\/barbaboost.com\\\/index.php\\\/elementor-208\\\/#primaryimage\"},\"thumbnailUrl\":\"http:\\\/\\\/barbaboost.com\\\/wp-content\\\/uploads\\\/2025\\\/11\\\/separateur.png\",\"datePublished\":\"2025-12-04T10:27:15+00:00\",\"dateModified\":\"2025-12-04T10:43:56+00:00\",\"description\":\"Conception graphique autour d'une inauguration, conception de panneau, kak\u00e9monos, d\u00e9pliants, illustrations personnalis\u00e9es d\u00e9clin\u00e9es.\",\"breadcrumb\":{\"@id\":\"https:\\\/\\\/barbaboost.com\\\/index.php\\\/elementor-208\\\/#breadcrumb\"},\"inLanguage\":\"fr-FR\",\"potentialAction\":[{\"@type\":\"ReadAction\",\"target\":[\"https:\\\/\\\/barbaboost.com\\\/index.php\\\/elementor-208\\\/\"]}]},{\"@type\":\"ImageObject\",\"inLanguage\":\"fr-FR\",\"@id\":\"https:\\\/\\\/barbaboost.com\\\/index.php\\\/elementor-208\\\/#primaryimage\",\"url\":\"http:\\\/\\\/barbaboost.com\\\/wp-content\\\/uploads\\\/2025\\\/11\\\/separateur.png\",\"contentUrl\":\"http:\\\/\\\/barbaboost.com\\\/wp-content\\\/uploads\\\/2025\\\/11\\\/separateur.png\"},{\"@type\":\"BreadcrumbList\",\"@id\":\"https:\\\/\\\/barbaboost.com\\\/index.php\\\/elementor-208\\\/#breadcrumb\",\"itemListElement\":[{\"@type\":\"ListItem\",\"position\":1,\"name\":\"Accueil\",\"item\":\"https:\\\/\\\/barbaboost.com\\\/\"},{\"@type\":\"ListItem\",\"position\":2,\"name\":\"Harmony Energy\"}]},{\"@type\":\"WebSite\",\"@id\":\"https:\\\/\\\/barbaboost.com\\\/#website\",\"url\":\"https:\\\/\\\/barbaboost.com\\\/\",\"name\":\"Barba BOOST\",\"description\":\"Barba BOOST ta com&#039; \\\/ ton image \\\/ ta notori\u00e9t\u00e9\",\"publisher\":{\"@id\":\"https:\\\/\\\/barbaboost.com\\\/#organization\"},\"potentialAction\":[{\"@type\":\"SearchAction\",\"target\":{\"@type\":\"EntryPoint\",\"urlTemplate\":\"https:\\\/\\\/barbaboost.com\\\/?s={search_term_string}\"},\"query-input\":{\"@type\":\"PropertyValueSpecification\",\"valueRequired\":true,\"valueName\":\"search_term_string\"}}],\"inLanguage\":\"fr-FR\"},{\"@type\":\"Organization\",\"@id\":\"https:\\\/\\\/barbaboost.com\\\/#organization\",\"name\":\"Barba BOOST\",\"url\":\"https:\\\/\\\/barbaboost.com\\\/\",\"logo\":{\"@type\":\"ImageObject\",\"inLanguage\":\"fr-FR\",\"@id\":\"https:\\\/\\\/barbaboost.com\\\/#\\\/schema\\\/logo\\\/image\\\/\",\"url\":\"https:\\\/\\\/barbaboost.com\\\/wp-content\\\/uploads\\\/2025\\\/11\\\/logo.png\",\"contentUrl\":\"https:\\\/\\\/barbaboost.com\\\/wp-content\\\/uploads\\\/2025\\\/11\\\/logo.png\",\"width\":1021,\"height\":283,\"caption\":\"Barba BOOST\"},\"image\":{\"@id\":\"https:\\\/\\\/barbaboost.com\\\/#\\\/schema\\\/logo\\\/image\\\/\"},\"sameAs\":[\"https:\\\/\\\/www.facebook.com\\\/people\\\/BARBA-BOOST\\\/61582244945286\\\/\",\"https:\\\/\\\/www.instagram.com\\\/barbaboost\\\/\"]}]}<\/script>\n<!-- \/ Yoast SEO plugin. -->","yoast_head_json":{"title":"Harmony Energy - Barba BOOST","description":"Conception graphique autour d'une inauguration, conception de panneau, kak\u00e9monos, d\u00e9pliants, illustrations personnalis\u00e9es d\u00e9clin\u00e9es.","robots":{"index":"index","follow":"follow","max-snippet":"max-snippet:-1","max-image-preview":"max-image-preview:large","max-video-preview":"max-video-preview:-1"},"canonical":"https:\/\/barbaboost.com\/index.php\/elementor-208\/","og_locale":"fr_FR","og_type":"article","og_title":"Harmony Energy - Barba BOOST","og_description":"Conception graphique autour d'une inauguration, conception de panneau, kak\u00e9monos, d\u00e9pliants, illustrations personnalis\u00e9es d\u00e9clin\u00e9es.","og_url":"https:\/\/barbaboost.com\/index.php\/elementor-208\/","og_site_name":"Barba BOOST","article_publisher":"https:\/\/www.facebook.com\/people\/BARBA-BOOST\/61582244945286\/","article_modified_time":"2025-12-04T10:43:56+00:00","og_image":[{"url":"http:\/\/barbaboost.com\/wp-content\/uploads\/2025\/11\/separateur.png","type":"","width":"","height":""}],"twitter_card":"summary_large_image","twitter_misc":{"Dur\u00e9e de lecture estim\u00e9e":"3 minutes"},"schema":{"@context":"https:\/\/schema.org","@graph":[{"@type":"WebPage","@id":"https:\/\/barbaboost.com\/index.php\/elementor-208\/","url":"https:\/\/barbaboost.com\/index.php\/elementor-208\/","name":"Harmony Energy - Barba BOOST","isPartOf":{"@id":"https:\/\/barbaboost.com\/#website"},"primaryImageOfPage":{"@id":"https:\/\/barbaboost.com\/index.php\/elementor-208\/#primaryimage"},"image":{"@id":"https:\/\/barbaboost.com\/index.php\/elementor-208\/#primaryimage"},"thumbnailUrl":"http:\/\/barbaboost.com\/wp-content\/uploads\/2025\/11\/separateur.png","datePublished":"2025-12-04T10:27:15+00:00","dateModified":"2025-12-04T10:43:56+00:00","description":"Conception graphique autour d'une inauguration, conception de panneau, kak\u00e9monos, d\u00e9pliants, illustrations personnalis\u00e9es d\u00e9clin\u00e9es.","breadcrumb":{"@id":"https:\/\/barbaboost.com\/index.php\/elementor-208\/#breadcrumb"},"inLanguage":"fr-FR","potentialAction":[{"@type":"ReadAction","target":["https:\/\/barbaboost.com\/index.php\/elementor-208\/"]}]},{"@type":"ImageObject","inLanguage":"fr-FR","@id":"https:\/\/barbaboost.com\/index.php\/elementor-208\/#primaryimage","url":"http:\/\/barbaboost.com\/wp-content\/uploads\/2025\/11\/separateur.png","contentUrl":"http:\/\/barbaboost.com\/wp-content\/uploads\/2025\/11\/separateur.png"},{"@type":"BreadcrumbList","@id":"https:\/\/barbaboost.com\/index.php\/elementor-208\/#breadcrumb","itemListElement":[{"@type":"ListItem","position":1,"name":"Accueil","item":"https:\/\/barbaboost.com\/"},{"@type":"ListItem","position":2,"name":"Harmony Energy"}]},{"@type":"WebSite","@id":"https:\/\/barbaboost.com\/#website","url":"https:\/\/barbaboost.com\/","name":"Barba BOOST","description":"Barba BOOST ta com&#039; \/ ton image \/ ta notori\u00e9t\u00e9","publisher":{"@id":"https:\/\/barbaboost.com\/#organization"},"potentialAction":[{"@type":"SearchAction","target":{"@type":"EntryPoint","urlTemplate":"https:\/\/barbaboost.com\/?s={search_term_string}"},"query-input":{"@type":"PropertyValueSpecification","valueRequired":true,"valueName":"search_term_string"}}],"inLanguage":"fr-FR"},{"@type":"Organization","@id":"https:\/\/barbaboost.com\/#organization","name":"Barba BOOST","url":"https:\/\/barbaboost.com\/","logo":{"@type":"ImageObject","inLanguage":"fr-FR","@id":"https:\/\/barbaboost.com\/#\/schema\/logo\/image\/","url":"https:\/\/barbaboost.com\/wp-content\/uploads\/2025\/11\/logo.png","contentUrl":"https:\/\/barbaboost.com\/wp-content\/uploads\/2025\/11\/logo.png","width":1021,"height":283,"caption":"Barba BOOST"},"image":{"@id":"https:\/\/barbaboost.com\/#\/schema\/logo\/image\/"},"sameAs":["https:\/\/www.facebook.com\/people\/BARBA-BOOST\/61582244945286\/","https:\/\/www.instagram.com\/barbaboost\/"]}]}},"_links":{"self":[{"href":"https:\/\/barbaboost.com\/index.php\/wp-json\/wp\/v2\/pages\/208","targetHints":{"allow":["GET"]}}],"collection":[{"href":"https:\/\/barbaboost.com\/index.php\/wp-json\/wp\/v2\/pages"}],"about":[{"href":"https:\/\/barbaboost.com\/index.php\/wp-json\/wp\/v2\/types\/page"}],"author":[{"embeddable":true,"href":"https:\/\/barbaboost.com\/index.php\/wp-json\/wp\/v2\/users\/1"}],"replies":[{"embeddable":true,"href":"https:\/\/barbaboost.com\/index.php\/wp-json\/wp\/v2\/comments?post=208"}],"version-history":[{"count":5,"href":"https:\/\/barbaboost.com\/index.php\/wp-json\/wp\/v2\/pages\/208\/revisions"}],"predecessor-version":[{"id":219,"href":"https:\/\/barbaboost.com\/index.php\/wp-json\/wp\/v2\/pages\/208\/revisions\/219"}],"wp:attachment":[{"href":"https:\/\/barbaboost.com\/index.php\/wp-json\/wp\/v2\/media?parent=208"}],"curies":[{"name":"wp","href":"https:\/\/api.w.org\/{rel}","templated":true}]}}