{"id":179,"date":"2025-11-10T16:51:46","date_gmt":"2025-11-10T16:51:46","guid":{"rendered":"https:\/\/barbaboost.com\/?page_id=179"},"modified":"2025-11-14T13:20:57","modified_gmt":"2025-11-14T13:20:57","slug":"juno","status":"publish","type":"page","link":"https:\/\/barbaboost.com\/index.php\/juno\/","title":{"rendered":"Juno"},"content":{"rendered":"\t\t<div data-elementor-type=\"wp-page\" data-elementor-id=\"179\" class=\"elementor elementor-179\">\n\t\t\t\t<div class=\"elementor-element elementor-element-2b94cdfa e-flex e-con-boxed wpr-particle-no wpr-jarallax-no wpr-parallax-no wpr-sticky-section-no wpr-equal-height-no e-con e-parent\" data-id=\"2b94cdfa\" data-element_type=\"container\" data-e-type=\"container\">\n\t\t\t\t\t<div class=\"e-con-inner\">\n\t\t\t\t<div class=\"elementor-element elementor-element-56d7066d elementor-widget elementor-widget-image\" data-id=\"56d7066d\" data-element_type=\"widget\" data-e-type=\"widget\" data-widget_type=\"image.default\">\n\t\t\t\t\t\t\t\t\t\t\t\t\t\t\t<img fetchpriority=\"high\" decoding=\"async\" width=\"1073\" height=\"79\" src=\"https:\/\/barbaboost.com\/wp-content\/uploads\/2025\/11\/separateur.png\" class=\"attachment-full size-full wp-image-47\" alt=\"\" srcset=\"https:\/\/barbaboost.com\/wp-content\/uploads\/2025\/11\/separateur.png 1073w, https:\/\/barbaboost.com\/wp-content\/uploads\/2025\/11\/separateur-300x22.png 300w, https:\/\/barbaboost.com\/wp-content\/uploads\/2025\/11\/separateur-1024x75.png 1024w, https:\/\/barbaboost.com\/wp-content\/uploads\/2025\/11\/separateur-768x57.png 768w, https:\/\/barbaboost.com\/wp-content\/uploads\/2025\/11\/separateur-600x44.png 600w\" sizes=\"(max-width: 1073px) 100vw, 1073px\" \/>\t\t\t\t\t\t\t\t\t\t\t\t\t\t\t<\/div>\n\t\t\t\t\t<\/div>\n\t\t\t\t<\/div>\n\t\t<div class=\"elementor-element elementor-element-5b1a1c8e e-grid e-con-boxed wpr-particle-no wpr-jarallax-no wpr-parallax-no wpr-sticky-section-no wpr-equal-height-no e-con e-parent\" data-id=\"5b1a1c8e\" data-element_type=\"container\" data-e-type=\"container\">\n\t\t\t\t\t<div class=\"e-con-inner\">\n\t\t\t\t<div class=\"elementor-element elementor-element-4df7f83b elementor-widget elementor-widget-image\" data-id=\"4df7f83b\" data-element_type=\"widget\" data-e-type=\"widget\" data-widget_type=\"image.default\">\n\t\t\t\t\t\t\t\t\t\t\t\t\t\t\t<img decoding=\"async\" width=\"852\" height=\"528\" src=\"https:\/\/barbaboost.com\/wp-content\/uploads\/2025\/11\/juno.webp\" class=\"attachment-large size-large wp-image-148\" alt=\"logo Juno\" srcset=\"https:\/\/barbaboost.com\/wp-content\/uploads\/2025\/11\/juno.webp 852w, https:\/\/barbaboost.com\/wp-content\/uploads\/2025\/11\/juno-300x186.webp 300w, https:\/\/barbaboost.com\/wp-content\/uploads\/2025\/11\/juno-768x476.webp 768w, https:\/\/barbaboost.com\/wp-content\/uploads\/2025\/11\/juno-97x60.webp 97w\" sizes=\"(max-width: 852px) 100vw, 852px\" \/>\t\t\t\t\t\t\t\t\t\t\t\t\t\t\t<\/div>\n\t\t\t\t<div class=\"elementor-element elementor-element-ba91687 elementor-widget elementor-widget-text-editor\" data-id=\"ba91687\" data-element_type=\"widget\" data-e-type=\"widget\" data-widget_type=\"text-editor.default\">\n\t\t\t\t\t\t\t\t\t<h4>Cr\u00e9ation du logo<\/h4><h4>Prise de vue, composition et templates pour r\u00e9seaux sociaux.<\/h4>\t\t\t\t\t\t\t\t<\/div>\n\t\t\t\t\t<\/div>\n\t\t\t\t<\/div>\n\t\t<div class=\"elementor-element elementor-element-6eef5e90 e-grid e-con-boxed wpr-particle-no wpr-jarallax-no wpr-parallax-no wpr-sticky-section-no wpr-equal-height-no e-con e-parent\" data-id=\"6eef5e90\" data-element_type=\"container\" data-e-type=\"container\">\n\t\t\t\t\t<div class=\"e-con-inner\">\n\t\t\t\t<div class=\"elementor-element elementor-element-4ebacdfd elementor-widget elementor-widget-image\" data-id=\"4ebacdfd\" data-element_type=\"widget\" data-e-type=\"widget\" data-widget_type=\"image.default\">\n\t\t\t\t\t\t\t\t\t\t\t\t\t\t\t<img decoding=\"async\" width=\"1024\" height=\"1024\" src=\"https:\/\/barbaboost.com\/wp-content\/uploads\/2025\/11\/Juno-Cha-01-1024x1024.jpg\" class=\"attachment-large size-large wp-image-181\" alt=\"Juno une marque v\u00eatement streetwearimage de marque - Juno\" srcset=\"https:\/\/barbaboost.com\/wp-content\/uploads\/2025\/11\/Juno-Cha-01-1024x1024.jpg 1024w, https:\/\/barbaboost.com\/wp-content\/uploads\/2025\/11\/Juno-Cha-01-300x300.jpg 300w, https:\/\/barbaboost.com\/wp-content\/uploads\/2025\/11\/Juno-Cha-01-150x150.jpg 150w, https:\/\/barbaboost.com\/wp-content\/uploads\/2025\/11\/Juno-Cha-01-768x768.jpg 768w, https:\/\/barbaboost.com\/wp-content\/uploads\/2025\/11\/Juno-Cha-01-1536x1536.jpg 1536w, https:\/\/barbaboost.com\/wp-content\/uploads\/2025\/11\/Juno-Cha-01-2048x2048.jpg 2048w, https:\/\/barbaboost.com\/wp-content\/uploads\/2025\/11\/Juno-Cha-01-60x60.jpg 60w\" sizes=\"(max-width: 1024px) 100vw, 1024px\" \/>\t\t\t\t\t\t\t\t\t\t\t\t\t\t\t<\/div>\n\t\t\t\t<div class=\"elementor-element elementor-element-1c8971be elementor-widget elementor-widget-image\" data-id=\"1c8971be\" data-element_type=\"widget\" data-e-type=\"widget\" data-widget_type=\"image.default\">\n\t\t\t\t\t\t\t\t\t\t\t\t\t\t\t<img loading=\"lazy\" decoding=\"async\" width=\"1024\" height=\"1024\" src=\"https:\/\/barbaboost.com\/wp-content\/uploads\/2025\/11\/Juno-Cha-02-1024x1024.jpg\" class=\"attachment-large size-large wp-image-182\" alt=\"Juno une marque v\u00eatement streetwear\" srcset=\"https:\/\/barbaboost.com\/wp-content\/uploads\/2025\/11\/Juno-Cha-02-1024x1024.jpg 1024w, https:\/\/barbaboost.com\/wp-content\/uploads\/2025\/11\/Juno-Cha-02-300x300.jpg 300w, https:\/\/barbaboost.com\/wp-content\/uploads\/2025\/11\/Juno-Cha-02-150x150.jpg 150w, https:\/\/barbaboost.com\/wp-content\/uploads\/2025\/11\/Juno-Cha-02-768x768.jpg 768w, https:\/\/barbaboost.com\/wp-content\/uploads\/2025\/11\/Juno-Cha-02-1536x1536.jpg 1536w, https:\/\/barbaboost.com\/wp-content\/uploads\/2025\/11\/Juno-Cha-02-2048x2048.jpg 2048w, https:\/\/barbaboost.com\/wp-content\/uploads\/2025\/11\/Juno-Cha-02-60x60.jpg 60w\" sizes=\"(max-width: 1024px) 100vw, 1024px\" \/>\t\t\t\t\t\t\t\t\t\t\t\t\t\t\t<\/div>\n\t\t\t\t\t<\/div>\n\t\t\t\t<\/div>\n\t\t<div class=\"elementor-element elementor-element-2a267071 e-flex e-con-boxed wpr-particle-no wpr-jarallax-no wpr-parallax-no wpr-sticky-section-no wpr-equal-height-no e-con e-parent\" data-id=\"2a267071\" data-element_type=\"container\" data-e-type=\"container\">\n\t\t\t\t\t<div class=\"e-con-inner\">\n\t\t\t\t<div class=\"elementor-element elementor-element-176a3d7a elementor-widget elementor-widget-image\" data-id=\"176a3d7a\" data-element_type=\"widget\" data-e-type=\"widget\" data-widget_type=\"image.default\">\n\t\t\t\t\t\t\t\t\t\t\t\t\t\t\t<img loading=\"lazy\" decoding=\"async\" width=\"1024\" height=\"339\" src=\"https:\/\/barbaboost.com\/wp-content\/uploads\/2025\/11\/fond.webp\" class=\"attachment-large size-large wp-image-168\" alt=\"fond barba boost\" srcset=\"https:\/\/barbaboost.com\/wp-content\/uploads\/2025\/11\/fond.webp 1024w, https:\/\/barbaboost.com\/wp-content\/uploads\/2025\/11\/fond-300x99.webp 300w, https:\/\/barbaboost.com\/wp-content\/uploads\/2025\/11\/fond-768x254.webp 768w, https:\/\/barbaboost.com\/wp-content\/uploads\/2025\/11\/fond-181x60.webp 181w\" sizes=\"(max-width: 1024px) 100vw, 1024px\" \/>\t\t\t\t\t\t\t\t\t\t\t\t\t\t\t<\/div>\n\t\t\t\t\t<\/div>\n\t\t\t\t<\/div>\n\t\t\t\t<\/div>\n\t\t","protected":false},"excerpt":{"rendered":"<p>Cr\u00e9ation du logo Prise de vue, composition et templates pour r\u00e9seaux sociaux.<\/p>\n","protected":false},"author":1,"featured_media":0,"parent":0,"menu_order":0,"comment_status":"closed","ping_status":"closed","template":"","meta":{"sfsi_plus_gutenberg_text_before_share":"","sfsi_plus_gutenberg_show_text_before_share":"","sfsi_plus_gutenberg_icon_type":"","sfsi_plus_gutenberg_icon_alignemt":"","sfsi_plus_gutenburg_max_per_row":"","footnotes":""},"class_list":["post-179","page","type-page","status-publish","hentry","latest_post"],"yoast_head":"<!-- This site is optimized with the Yoast SEO plugin v27.4 - https:\/\/yoast.com\/product\/yoast-seo-wordpress\/ -->\n<title>Juno - Barba BOOST<\/title>\n<meta name=\"description\" content=\"Image de marque de Juno marque de v\u00eatements street. Cr\u00e9ation du logo, prise de vue, composition et templates pour r\u00e9seaux sociaux.\" \/>\n<meta name=\"robots\" content=\"index, follow, max-snippet:-1, max-image-preview:large, max-video-preview:-1\" \/>\n<link rel=\"canonical\" href=\"https:\/\/barbaboost.com\/index.php\/juno\/\" \/>\n<meta property=\"og:locale\" content=\"fr_FR\" \/>\n<meta property=\"og:type\" content=\"article\" \/>\n<meta property=\"og:title\" content=\"Juno - Barba BOOST\" \/>\n<meta property=\"og:description\" content=\"Image de marque de Juno marque de v\u00eatements street. Cr\u00e9ation du logo, prise de vue, composition et templates pour r\u00e9seaux sociaux.\" \/>\n<meta property=\"og:url\" content=\"https:\/\/barbaboost.com\/index.php\/juno\/\" \/>\n<meta property=\"og:site_name\" content=\"Barba BOOST\" \/>\n<meta property=\"article:publisher\" content=\"https:\/\/www.facebook.com\/people\/BARBA-BOOST\/61582244945286\/\" \/>\n<meta property=\"article:modified_time\" content=\"2025-11-14T13:20:57+00:00\" \/>\n<meta property=\"og:image\" content=\"http:\/\/barbaboost.com\/wp-content\/uploads\/2025\/11\/separateur.png\" \/>\n<meta name=\"twitter:card\" content=\"summary_large_image\" \/>\n<meta name=\"twitter:label1\" content=\"Dur\u00e9e de lecture estim\u00e9e\" \/>\n\t<meta name=\"twitter:data1\" content=\"2 minutes\" \/>\n<script type=\"application\/ld+json\" class=\"yoast-schema-graph\">{\"@context\":\"https:\\\/\\\/schema.org\",\"@graph\":[{\"@type\":\"WebPage\",\"@id\":\"https:\\\/\\\/barbaboost.com\\\/index.php\\\/juno\\\/\",\"url\":\"https:\\\/\\\/barbaboost.com\\\/index.php\\\/juno\\\/\",\"name\":\"Juno - Barba BOOST\",\"isPartOf\":{\"@id\":\"https:\\\/\\\/barbaboost.com\\\/#website\"},\"primaryImageOfPage\":{\"@id\":\"https:\\\/\\\/barbaboost.com\\\/index.php\\\/juno\\\/#primaryimage\"},\"image\":{\"@id\":\"https:\\\/\\\/barbaboost.com\\\/index.php\\\/juno\\\/#primaryimage\"},\"thumbnailUrl\":\"http:\\\/\\\/barbaboost.com\\\/wp-content\\\/uploads\\\/2025\\\/11\\\/separateur.png\",\"datePublished\":\"2025-11-10T16:51:46+00:00\",\"dateModified\":\"2025-11-14T13:20:57+00:00\",\"description\":\"Image de marque de Juno marque de v\u00eatements street. Cr\u00e9ation du logo, prise de vue, composition et templates pour r\u00e9seaux sociaux.\",\"breadcrumb\":{\"@id\":\"https:\\\/\\\/barbaboost.com\\\/index.php\\\/juno\\\/#breadcrumb\"},\"inLanguage\":\"fr-FR\",\"potentialAction\":[{\"@type\":\"ReadAction\",\"target\":[\"https:\\\/\\\/barbaboost.com\\\/index.php\\\/juno\\\/\"]}]},{\"@type\":\"ImageObject\",\"inLanguage\":\"fr-FR\",\"@id\":\"https:\\\/\\\/barbaboost.com\\\/index.php\\\/juno\\\/#primaryimage\",\"url\":\"http:\\\/\\\/barbaboost.com\\\/wp-content\\\/uploads\\\/2025\\\/11\\\/separateur.png\",\"contentUrl\":\"http:\\\/\\\/barbaboost.com\\\/wp-content\\\/uploads\\\/2025\\\/11\\\/separateur.png\"},{\"@type\":\"BreadcrumbList\",\"@id\":\"https:\\\/\\\/barbaboost.com\\\/index.php\\\/juno\\\/#breadcrumb\",\"itemListElement\":[{\"@type\":\"ListItem\",\"position\":1,\"name\":\"Accueil\",\"item\":\"https:\\\/\\\/barbaboost.com\\\/\"},{\"@type\":\"ListItem\",\"position\":2,\"name\":\"Juno\"}]},{\"@type\":\"WebSite\",\"@id\":\"https:\\\/\\\/barbaboost.com\\\/#website\",\"url\":\"https:\\\/\\\/barbaboost.com\\\/\",\"name\":\"Barba BOOST\",\"description\":\"Barba BOOST ta com&#039; \\\/ ton image \\\/ ta notori\u00e9t\u00e9\",\"publisher\":{\"@id\":\"https:\\\/\\\/barbaboost.com\\\/#organization\"},\"potentialAction\":[{\"@type\":\"SearchAction\",\"target\":{\"@type\":\"EntryPoint\",\"urlTemplate\":\"https:\\\/\\\/barbaboost.com\\\/?s={search_term_string}\"},\"query-input\":{\"@type\":\"PropertyValueSpecification\",\"valueRequired\":true,\"valueName\":\"search_term_string\"}}],\"inLanguage\":\"fr-FR\"},{\"@type\":\"Organization\",\"@id\":\"https:\\\/\\\/barbaboost.com\\\/#organization\",\"name\":\"Barba BOOST\",\"url\":\"https:\\\/\\\/barbaboost.com\\\/\",\"logo\":{\"@type\":\"ImageObject\",\"inLanguage\":\"fr-FR\",\"@id\":\"https:\\\/\\\/barbaboost.com\\\/#\\\/schema\\\/logo\\\/image\\\/\",\"url\":\"https:\\\/\\\/barbaboost.com\\\/wp-content\\\/uploads\\\/2025\\\/11\\\/logo.png\",\"contentUrl\":\"https:\\\/\\\/barbaboost.com\\\/wp-content\\\/uploads\\\/2025\\\/11\\\/logo.png\",\"width\":1021,\"height\":283,\"caption\":\"Barba BOOST\"},\"image\":{\"@id\":\"https:\\\/\\\/barbaboost.com\\\/#\\\/schema\\\/logo\\\/image\\\/\"},\"sameAs\":[\"https:\\\/\\\/www.facebook.com\\\/people\\\/BARBA-BOOST\\\/61582244945286\\\/\",\"https:\\\/\\\/www.instagram.com\\\/barbaboost\\\/\"]}]}<\/script>\n<!-- \/ Yoast SEO plugin. -->","yoast_head_json":{"title":"Juno - Barba BOOST","description":"Image de marque de Juno marque de v\u00eatements street. Cr\u00e9ation du logo, prise de vue, composition et templates pour r\u00e9seaux sociaux.","robots":{"index":"index","follow":"follow","max-snippet":"max-snippet:-1","max-image-preview":"max-image-preview:large","max-video-preview":"max-video-preview:-1"},"canonical":"https:\/\/barbaboost.com\/index.php\/juno\/","og_locale":"fr_FR","og_type":"article","og_title":"Juno - Barba BOOST","og_description":"Image de marque de Juno marque de v\u00eatements street. Cr\u00e9ation du logo, prise de vue, composition et templates pour r\u00e9seaux sociaux.","og_url":"https:\/\/barbaboost.com\/index.php\/juno\/","og_site_name":"Barba BOOST","article_publisher":"https:\/\/www.facebook.com\/people\/BARBA-BOOST\/61582244945286\/","article_modified_time":"2025-11-14T13:20:57+00:00","og_image":[{"url":"http:\/\/barbaboost.com\/wp-content\/uploads\/2025\/11\/separateur.png","type":"","width":"","height":""}],"twitter_card":"summary_large_image","twitter_misc":{"Dur\u00e9e de lecture estim\u00e9e":"2 minutes"},"schema":{"@context":"https:\/\/schema.org","@graph":[{"@type":"WebPage","@id":"https:\/\/barbaboost.com\/index.php\/juno\/","url":"https:\/\/barbaboost.com\/index.php\/juno\/","name":"Juno - Barba BOOST","isPartOf":{"@id":"https:\/\/barbaboost.com\/#website"},"primaryImageOfPage":{"@id":"https:\/\/barbaboost.com\/index.php\/juno\/#primaryimage"},"image":{"@id":"https:\/\/barbaboost.com\/index.php\/juno\/#primaryimage"},"thumbnailUrl":"http:\/\/barbaboost.com\/wp-content\/uploads\/2025\/11\/separateur.png","datePublished":"2025-11-10T16:51:46+00:00","dateModified":"2025-11-14T13:20:57+00:00","description":"Image de marque de Juno marque de v\u00eatements street. Cr\u00e9ation du logo, prise de vue, composition et templates pour r\u00e9seaux sociaux.","breadcrumb":{"@id":"https:\/\/barbaboost.com\/index.php\/juno\/#breadcrumb"},"inLanguage":"fr-FR","potentialAction":[{"@type":"ReadAction","target":["https:\/\/barbaboost.com\/index.php\/juno\/"]}]},{"@type":"ImageObject","inLanguage":"fr-FR","@id":"https:\/\/barbaboost.com\/index.php\/juno\/#primaryimage","url":"http:\/\/barbaboost.com\/wp-content\/uploads\/2025\/11\/separateur.png","contentUrl":"http:\/\/barbaboost.com\/wp-content\/uploads\/2025\/11\/separateur.png"},{"@type":"BreadcrumbList","@id":"https:\/\/barbaboost.com\/index.php\/juno\/#breadcrumb","itemListElement":[{"@type":"ListItem","position":1,"name":"Accueil","item":"https:\/\/barbaboost.com\/"},{"@type":"ListItem","position":2,"name":"Juno"}]},{"@type":"WebSite","@id":"https:\/\/barbaboost.com\/#website","url":"https:\/\/barbaboost.com\/","name":"Barba BOOST","description":"Barba BOOST ta com&#039; \/ ton image \/ ta notori\u00e9t\u00e9","publisher":{"@id":"https:\/\/barbaboost.com\/#organization"},"potentialAction":[{"@type":"SearchAction","target":{"@type":"EntryPoint","urlTemplate":"https:\/\/barbaboost.com\/?s={search_term_string}"},"query-input":{"@type":"PropertyValueSpecification","valueRequired":true,"valueName":"search_term_string"}}],"inLanguage":"fr-FR"},{"@type":"Organization","@id":"https:\/\/barbaboost.com\/#organization","name":"Barba BOOST","url":"https:\/\/barbaboost.com\/","logo":{"@type":"ImageObject","inLanguage":"fr-FR","@id":"https:\/\/barbaboost.com\/#\/schema\/logo\/image\/","url":"https:\/\/barbaboost.com\/wp-content\/uploads\/2025\/11\/logo.png","contentUrl":"https:\/\/barbaboost.com\/wp-content\/uploads\/2025\/11\/logo.png","width":1021,"height":283,"caption":"Barba BOOST"},"image":{"@id":"https:\/\/barbaboost.com\/#\/schema\/logo\/image\/"},"sameAs":["https:\/\/www.facebook.com\/people\/BARBA-BOOST\/61582244945286\/","https:\/\/www.instagram.com\/barbaboost\/"]}]}},"_links":{"self":[{"href":"https:\/\/barbaboost.com\/index.php\/wp-json\/wp\/v2\/pages\/179","targetHints":{"allow":["GET"]}}],"collection":[{"href":"https:\/\/barbaboost.com\/index.php\/wp-json\/wp\/v2\/pages"}],"about":[{"href":"https:\/\/barbaboost.com\/index.php\/wp-json\/wp\/v2\/types\/page"}],"author":[{"embeddable":true,"href":"https:\/\/barbaboost.com\/index.php\/wp-json\/wp\/v2\/users\/1"}],"replies":[{"embeddable":true,"href":"https:\/\/barbaboost.com\/index.php\/wp-json\/wp\/v2\/comments?post=179"}],"version-history":[{"count":4,"href":"https:\/\/barbaboost.com\/index.php\/wp-json\/wp\/v2\/pages\/179\/revisions"}],"predecessor-version":[{"id":185,"href":"https:\/\/barbaboost.com\/index.php\/wp-json\/wp\/v2\/pages\/179\/revisions\/185"}],"wp:attachment":[{"href":"https:\/\/barbaboost.com\/index.php\/wp-json\/wp\/v2\/media?parent=179"}],"curies":[{"name":"wp","href":"https:\/\/api.w.org\/{rel}","templated":true}]}}