{"id":156,"date":"2025-11-07T10:46:51","date_gmt":"2025-11-07T10:46:51","guid":{"rendered":"https:\/\/barbaboost.com\/?page_id=156"},"modified":"2025-11-14T13:20:44","modified_gmt":"2025-11-14T13:20:44","slug":"upndance","status":"publish","type":"page","link":"https:\/\/barbaboost.com\/index.php\/upndance\/","title":{"rendered":"UP&rsquo;N DANCE"},"content":{"rendered":"\t\t<div data-elementor-type=\"wp-page\" data-elementor-id=\"156\" class=\"elementor elementor-156\">\n\t\t\t\t<div class=\"elementor-element elementor-element-588f1277 e-flex e-con-boxed wpr-particle-no wpr-jarallax-no wpr-parallax-no wpr-sticky-section-no wpr-equal-height-no e-con e-parent\" data-id=\"588f1277\" data-element_type=\"container\" data-e-type=\"container\">\n\t\t\t\t\t<div class=\"e-con-inner\">\n\t\t\t\t<div class=\"elementor-element elementor-element-5036496f elementor-widget elementor-widget-image\" data-id=\"5036496f\" data-element_type=\"widget\" data-e-type=\"widget\" data-widget_type=\"image.default\">\n\t\t\t\t\t\t\t\t\t\t\t\t\t\t\t<img fetchpriority=\"high\" decoding=\"async\" width=\"1073\" height=\"79\" src=\"https:\/\/barbaboost.com\/wp-content\/uploads\/2025\/11\/separateur.png\" class=\"attachment-full size-full wp-image-47\" alt=\"\" srcset=\"https:\/\/barbaboost.com\/wp-content\/uploads\/2025\/11\/separateur.png 1073w, https:\/\/barbaboost.com\/wp-content\/uploads\/2025\/11\/separateur-300x22.png 300w, https:\/\/barbaboost.com\/wp-content\/uploads\/2025\/11\/separateur-1024x75.png 1024w, https:\/\/barbaboost.com\/wp-content\/uploads\/2025\/11\/separateur-768x57.png 768w, https:\/\/barbaboost.com\/wp-content\/uploads\/2025\/11\/separateur-600x44.png 600w\" sizes=\"(max-width: 1073px) 100vw, 1073px\" \/>\t\t\t\t\t\t\t\t\t\t\t\t\t\t\t<\/div>\n\t\t\t\t\t<\/div>\n\t\t\t\t<\/div>\n\t\t<div class=\"elementor-element elementor-element-4b4e2b19 e-grid e-con-boxed wpr-particle-no wpr-jarallax-no wpr-parallax-no wpr-sticky-section-no wpr-equal-height-no e-con e-parent\" data-id=\"4b4e2b19\" data-element_type=\"container\" data-e-type=\"container\">\n\t\t\t\t\t<div class=\"e-con-inner\">\n\t\t\t\t<div class=\"elementor-element elementor-element-31aa0361 elementor-widget elementor-widget-image\" data-id=\"31aa0361\" data-element_type=\"widget\" data-e-type=\"widget\" data-widget_type=\"image.default\">\n\t\t\t\t\t\t\t\t\t\t\t\t\t\t\t<img decoding=\"async\" width=\"852\" height=\"528\" src=\"https:\/\/barbaboost.com\/wp-content\/uploads\/2025\/11\/upndance.webp\" class=\"attachment-large size-large wp-image-147\" alt=\"vignette Up&#039;n dance\" srcset=\"https:\/\/barbaboost.com\/wp-content\/uploads\/2025\/11\/upndance.webp 852w, https:\/\/barbaboost.com\/wp-content\/uploads\/2025\/11\/upndance-300x186.webp 300w, https:\/\/barbaboost.com\/wp-content\/uploads\/2025\/11\/upndance-768x476.webp 768w, https:\/\/barbaboost.com\/wp-content\/uploads\/2025\/11\/upndance-97x60.webp 97w\" sizes=\"(max-width: 852px) 100vw, 852px\" \/>\t\t\t\t\t\t\t\t\t\t\t\t\t\t\t<\/div>\n\t\t\t\t<div class=\"elementor-element elementor-element-9cd063f elementor-widget elementor-widget-text-editor\" data-id=\"9cd063f\" data-element_type=\"widget\" data-e-type=\"widget\" data-widget_type=\"text-editor.default\">\n\t\t\t\t\t\t\t\t\t<h4>Cr\u00e9ation du logo et r\u00e9alisation d&rsquo;illustrations pour une gamme de sweat-shirts repr\u00e9sentant chaque discipline enseign\u00e9e.<\/h4>\t\t\t\t\t\t\t\t<\/div>\n\t\t\t\t\t<\/div>\n\t\t\t\t<\/div>\n\t\t<div class=\"elementor-element elementor-element-b2d9e3d e-grid e-con-boxed wpr-particle-no wpr-jarallax-no wpr-parallax-no wpr-sticky-section-no wpr-equal-height-no e-con e-parent\" data-id=\"b2d9e3d\" data-element_type=\"container\" data-e-type=\"container\">\n\t\t\t\t\t<div class=\"e-con-inner\">\n\t\t\t\t<div class=\"elementor-element elementor-element-25c6dad elementor-widget elementor-widget-image\" data-id=\"25c6dad\" data-element_type=\"widget\" data-e-type=\"widget\" data-widget_type=\"image.default\">\n\t\t\t\t\t\t\t\t\t\t\t\t\t\t\t<img decoding=\"async\" width=\"1024\" height=\"1024\" src=\"https:\/\/barbaboost.com\/wp-content\/uploads\/2025\/11\/sweat-UPND-01-1024x1024.jpg\" class=\"attachment-large size-large wp-image-162\" alt=\"gamme sweat Up n&#039;dance\" srcset=\"https:\/\/barbaboost.com\/wp-content\/uploads\/2025\/11\/sweat-UPND-01-1024x1024.jpg 1024w, https:\/\/barbaboost.com\/wp-content\/uploads\/2025\/11\/sweat-UPND-01-300x300.jpg 300w, https:\/\/barbaboost.com\/wp-content\/uploads\/2025\/11\/sweat-UPND-01-150x150.jpg 150w, https:\/\/barbaboost.com\/wp-content\/uploads\/2025\/11\/sweat-UPND-01-768x768.jpg 768w, https:\/\/barbaboost.com\/wp-content\/uploads\/2025\/11\/sweat-UPND-01-1536x1536.jpg 1536w, https:\/\/barbaboost.com\/wp-content\/uploads\/2025\/11\/sweat-UPND-01-2048x2048.jpg 2048w, https:\/\/barbaboost.com\/wp-content\/uploads\/2025\/11\/sweat-UPND-01-60x60.jpg 60w\" sizes=\"(max-width: 1024px) 100vw, 1024px\" \/>\t\t\t\t\t\t\t\t\t\t\t\t\t\t\t<\/div>\n\t\t\t\t<div class=\"elementor-element elementor-element-fc947ec elementor-widget elementor-widget-image\" data-id=\"fc947ec\" data-element_type=\"widget\" data-e-type=\"widget\" data-widget_type=\"image.default\">\n\t\t\t\t\t\t\t\t\t\t\t\t\t\t\t<img loading=\"lazy\" decoding=\"async\" width=\"1024\" height=\"1024\" src=\"https:\/\/barbaboost.com\/wp-content\/uploads\/2025\/11\/sweat-UPND-02-1024x1024.jpg\" class=\"attachment-large size-large wp-image-163\" alt=\"cr\u00e9ation d&#039;une gamme de sweat\" srcset=\"https:\/\/barbaboost.com\/wp-content\/uploads\/2025\/11\/sweat-UPND-02-1024x1024.jpg 1024w, https:\/\/barbaboost.com\/wp-content\/uploads\/2025\/11\/sweat-UPND-02-300x300.jpg 300w, https:\/\/barbaboost.com\/wp-content\/uploads\/2025\/11\/sweat-UPND-02-150x150.jpg 150w, https:\/\/barbaboost.com\/wp-content\/uploads\/2025\/11\/sweat-UPND-02-768x768.jpg 768w, https:\/\/barbaboost.com\/wp-content\/uploads\/2025\/11\/sweat-UPND-02-1536x1536.jpg 1536w, https:\/\/barbaboost.com\/wp-content\/uploads\/2025\/11\/sweat-UPND-02-2048x2048.jpg 2048w, https:\/\/barbaboost.com\/wp-content\/uploads\/2025\/11\/sweat-UPND-02-60x60.jpg 60w\" sizes=\"(max-width: 1024px) 100vw, 1024px\" \/>\t\t\t\t\t\t\t\t\t\t\t\t\t\t\t<\/div>\n\t\t\t\t\t<\/div>\n\t\t\t\t<\/div>\n\t\t<div class=\"elementor-element elementor-element-be7e09b e-grid e-con-boxed wpr-particle-no wpr-jarallax-no wpr-parallax-no wpr-sticky-section-no wpr-equal-height-no e-con e-parent\" data-id=\"be7e09b\" data-element_type=\"container\" data-e-type=\"container\">\n\t\t\t\t\t<div class=\"e-con-inner\">\n\t\t\t\t<div class=\"elementor-element elementor-element-5822014 elementor-widget elementor-widget-image\" data-id=\"5822014\" data-element_type=\"widget\" data-e-type=\"widget\" data-widget_type=\"image.default\">\n\t\t\t\t\t\t\t\t\t\t\t\t\t\t\t<img loading=\"lazy\" decoding=\"async\" width=\"1024\" height=\"1024\" src=\"https:\/\/barbaboost.com\/wp-content\/uploads\/2025\/11\/sweat-UPND-03-1024x1024.jpg\" class=\"attachment-large size-large wp-image-164\" alt=\"cr\u00e9ation d&#039;une gamme de sweat\" srcset=\"https:\/\/barbaboost.com\/wp-content\/uploads\/2025\/11\/sweat-UPND-03-1024x1024.jpg 1024w, https:\/\/barbaboost.com\/wp-content\/uploads\/2025\/11\/sweat-UPND-03-300x300.jpg 300w, https:\/\/barbaboost.com\/wp-content\/uploads\/2025\/11\/sweat-UPND-03-150x150.jpg 150w, https:\/\/barbaboost.com\/wp-content\/uploads\/2025\/11\/sweat-UPND-03-768x768.jpg 768w, https:\/\/barbaboost.com\/wp-content\/uploads\/2025\/11\/sweat-UPND-03-1536x1536.jpg 1536w, https:\/\/barbaboost.com\/wp-content\/uploads\/2025\/11\/sweat-UPND-03-2048x2048.jpg 2048w, https:\/\/barbaboost.com\/wp-content\/uploads\/2025\/11\/sweat-UPND-03-60x60.jpg 60w\" sizes=\"(max-width: 1024px) 100vw, 1024px\" \/>\t\t\t\t\t\t\t\t\t\t\t\t\t\t\t<\/div>\n\t\t\t\t<div class=\"elementor-element elementor-element-933d548 elementor-widget elementor-widget-image\" data-id=\"933d548\" data-element_type=\"widget\" data-e-type=\"widget\" data-widget_type=\"image.default\">\n\t\t\t\t\t\t\t\t\t\t\t\t\t\t\t<img loading=\"lazy\" decoding=\"async\" width=\"1024\" height=\"1024\" src=\"https:\/\/barbaboost.com\/wp-content\/uploads\/2025\/11\/sweat-UPND-04-1024x1024.jpg\" class=\"attachment-large size-large wp-image-165\" alt=\"cr\u00e9ation d&#039;une gamme de sweat\" srcset=\"https:\/\/barbaboost.com\/wp-content\/uploads\/2025\/11\/sweat-UPND-04-1024x1024.jpg 1024w, https:\/\/barbaboost.com\/wp-content\/uploads\/2025\/11\/sweat-UPND-04-300x300.jpg 300w, https:\/\/barbaboost.com\/wp-content\/uploads\/2025\/11\/sweat-UPND-04-150x150.jpg 150w, https:\/\/barbaboost.com\/wp-content\/uploads\/2025\/11\/sweat-UPND-04-768x768.jpg 768w, https:\/\/barbaboost.com\/wp-content\/uploads\/2025\/11\/sweat-UPND-04-1536x1536.jpg 1536w, https:\/\/barbaboost.com\/wp-content\/uploads\/2025\/11\/sweat-UPND-04-2048x2048.jpg 2048w, https:\/\/barbaboost.com\/wp-content\/uploads\/2025\/11\/sweat-UPND-04-60x60.jpg 60w\" sizes=\"(max-width: 1024px) 100vw, 1024px\" \/>\t\t\t\t\t\t\t\t\t\t\t\t\t\t\t<\/div>\n\t\t\t\t\t<\/div>\n\t\t\t\t<\/div>\n\t\t<div class=\"elementor-element elementor-element-f65194f e-grid e-con-boxed wpr-particle-no wpr-jarallax-no wpr-parallax-no wpr-sticky-section-no wpr-equal-height-no e-con e-parent\" data-id=\"f65194f\" data-element_type=\"container\" data-e-type=\"container\">\n\t\t\t\t\t<div class=\"e-con-inner\">\n\t\t\t\t<div class=\"elementor-element elementor-element-4bd4326 elementor-widget elementor-widget-image\" data-id=\"4bd4326\" data-element_type=\"widget\" data-e-type=\"widget\" data-widget_type=\"image.default\">\n\t\t\t\t\t\t\t\t\t\t\t\t\t\t\t<img loading=\"lazy\" decoding=\"async\" width=\"1024\" height=\"1024\" src=\"https:\/\/barbaboost.com\/wp-content\/uploads\/2025\/11\/sweat-UPND-06-1024x1024.jpg\" class=\"attachment-large size-large wp-image-166\" alt=\"cr\u00e9ation d&#039;une gamme de sweat\" srcset=\"https:\/\/barbaboost.com\/wp-content\/uploads\/2025\/11\/sweat-UPND-06-1024x1024.jpg 1024w, https:\/\/barbaboost.com\/wp-content\/uploads\/2025\/11\/sweat-UPND-06-300x300.jpg 300w, https:\/\/barbaboost.com\/wp-content\/uploads\/2025\/11\/sweat-UPND-06-150x150.jpg 150w, https:\/\/barbaboost.com\/wp-content\/uploads\/2025\/11\/sweat-UPND-06-768x768.jpg 768w, https:\/\/barbaboost.com\/wp-content\/uploads\/2025\/11\/sweat-UPND-06-1536x1536.jpg 1536w, https:\/\/barbaboost.com\/wp-content\/uploads\/2025\/11\/sweat-UPND-06-2048x2048.jpg 2048w, https:\/\/barbaboost.com\/wp-content\/uploads\/2025\/11\/sweat-UPND-06-60x60.jpg 60w\" sizes=\"(max-width: 1024px) 100vw, 1024px\" \/>\t\t\t\t\t\t\t\t\t\t\t\t\t\t\t<\/div>\n\t\t\t\t<div class=\"elementor-element elementor-element-4e22a96 elementor-widget elementor-widget-image\" data-id=\"4e22a96\" data-element_type=\"widget\" data-e-type=\"widget\" data-widget_type=\"image.default\">\n\t\t\t\t\t\t\t\t\t\t\t\t\t\t\t<img loading=\"lazy\" decoding=\"async\" width=\"1024\" height=\"1024\" src=\"https:\/\/barbaboost.com\/wp-content\/uploads\/2025\/11\/sweat-UPND-07-1024x1024.jpg\" class=\"attachment-large size-large wp-image-167\" alt=\"cr\u00e9ation d&#039;une gamme de sweat\" srcset=\"https:\/\/barbaboost.com\/wp-content\/uploads\/2025\/11\/sweat-UPND-07-1024x1024.jpg 1024w, https:\/\/barbaboost.com\/wp-content\/uploads\/2025\/11\/sweat-UPND-07-300x300.jpg 300w, https:\/\/barbaboost.com\/wp-content\/uploads\/2025\/11\/sweat-UPND-07-150x150.jpg 150w, https:\/\/barbaboost.com\/wp-content\/uploads\/2025\/11\/sweat-UPND-07-768x768.jpg 768w, https:\/\/barbaboost.com\/wp-content\/uploads\/2025\/11\/sweat-UPND-07-1536x1536.jpg 1536w, https:\/\/barbaboost.com\/wp-content\/uploads\/2025\/11\/sweat-UPND-07-2048x2048.jpg 2048w, https:\/\/barbaboost.com\/wp-content\/uploads\/2025\/11\/sweat-UPND-07-60x60.jpg 60w\" sizes=\"(max-width: 1024px) 100vw, 1024px\" \/>\t\t\t\t\t\t\t\t\t\t\t\t\t\t\t<\/div>\n\t\t\t\t\t<\/div>\n\t\t\t\t<\/div>\n\t\t<div class=\"elementor-element elementor-element-08e6fe8 e-flex e-con-boxed wpr-particle-no wpr-jarallax-no wpr-parallax-no wpr-sticky-section-no wpr-equal-height-no e-con e-parent\" data-id=\"08e6fe8\" data-element_type=\"container\" data-e-type=\"container\">\n\t\t\t\t\t<div class=\"e-con-inner\">\n\t\t\t\t<div class=\"elementor-element elementor-element-b0c28ee elementor-widget elementor-widget-image\" data-id=\"b0c28ee\" data-element_type=\"widget\" data-e-type=\"widget\" data-widget_type=\"image.default\">\n\t\t\t\t\t\t\t\t\t\t\t\t\t\t\t<img loading=\"lazy\" decoding=\"async\" width=\"1024\" height=\"339\" src=\"https:\/\/barbaboost.com\/wp-content\/uploads\/2025\/11\/fond.webp\" class=\"attachment-large size-large wp-image-168\" alt=\"fond barba boost\" srcset=\"https:\/\/barbaboost.com\/wp-content\/uploads\/2025\/11\/fond.webp 1024w, https:\/\/barbaboost.com\/wp-content\/uploads\/2025\/11\/fond-300x99.webp 300w, https:\/\/barbaboost.com\/wp-content\/uploads\/2025\/11\/fond-768x254.webp 768w, https:\/\/barbaboost.com\/wp-content\/uploads\/2025\/11\/fond-181x60.webp 181w\" sizes=\"(max-width: 1024px) 100vw, 1024px\" \/>\t\t\t\t\t\t\t\t\t\t\t\t\t\t\t<\/div>\n\t\t\t\t\t<\/div>\n\t\t\t\t<\/div>\n\t\t\t\t<\/div>\n\t\t","protected":false},"excerpt":{"rendered":"<p>Cr\u00e9ation du logo et r\u00e9alisation d&rsquo;illustrations pour une gamme de sweat-shirts repr\u00e9sentant chaque discipline enseign\u00e9e.<\/p>\n","protected":false},"author":1,"featured_media":0,"parent":0,"menu_order":0,"comment_status":"closed","ping_status":"closed","template":"","meta":{"sfsi_plus_gutenberg_text_before_share":"","sfsi_plus_gutenberg_show_text_before_share":"","sfsi_plus_gutenberg_icon_type":"","sfsi_plus_gutenberg_icon_alignemt":"","sfsi_plus_gutenburg_max_per_row":"","footnotes":""},"class_list":["post-156","page","type-page","status-publish","hentry","latest_post"],"yoast_head":"<!-- This site is optimized with the Yoast SEO plugin v27.4 - https:\/\/yoast.com\/product\/yoast-seo-wordpress\/ -->\n<title>UP&#039;N DANCE - Barba BOOST<\/title>\n<meta name=\"description\" content=\"Cr\u00e9ation du logo et r\u00e9alisation d\u2019illustrations pour une gamme de sweat-shirts repr\u00e9sentant chaque discipline enseign\u00e9e.\" \/>\n<meta name=\"robots\" content=\"index, follow, max-snippet:-1, max-image-preview:large, max-video-preview:-1\" \/>\n<link rel=\"canonical\" href=\"https:\/\/barbaboost.com\/index.php\/upndance\/\" \/>\n<meta property=\"og:locale\" content=\"fr_FR\" \/>\n<meta property=\"og:type\" content=\"article\" \/>\n<meta property=\"og:title\" content=\"UP&#039;N DANCE - Barba BOOST\" \/>\n<meta property=\"og:description\" content=\"Cr\u00e9ation du logo et r\u00e9alisation d\u2019illustrations pour une gamme de sweat-shirts repr\u00e9sentant chaque discipline enseign\u00e9e.\" \/>\n<meta property=\"og:url\" content=\"https:\/\/barbaboost.com\/index.php\/upndance\/\" \/>\n<meta property=\"og:site_name\" content=\"Barba BOOST\" \/>\n<meta property=\"article:publisher\" content=\"https:\/\/www.facebook.com\/people\/BARBA-BOOST\/61582244945286\/\" \/>\n<meta property=\"article:modified_time\" content=\"2025-11-14T13:20:44+00:00\" \/>\n<meta property=\"og:image\" content=\"http:\/\/barbaboost.com\/wp-content\/uploads\/2025\/11\/separateur.png\" \/>\n<meta name=\"twitter:card\" content=\"summary_large_image\" \/>\n<meta name=\"twitter:label1\" content=\"Dur\u00e9e de lecture estim\u00e9e\" \/>\n\t<meta name=\"twitter:data1\" content=\"3 minutes\" \/>\n<script type=\"application\/ld+json\" class=\"yoast-schema-graph\">{\"@context\":\"https:\\\/\\\/schema.org\",\"@graph\":[{\"@type\":\"WebPage\",\"@id\":\"https:\\\/\\\/barbaboost.com\\\/index.php\\\/upndance\\\/\",\"url\":\"https:\\\/\\\/barbaboost.com\\\/index.php\\\/upndance\\\/\",\"name\":\"UP'N DANCE - Barba BOOST\",\"isPartOf\":{\"@id\":\"https:\\\/\\\/barbaboost.com\\\/#website\"},\"primaryImageOfPage\":{\"@id\":\"https:\\\/\\\/barbaboost.com\\\/index.php\\\/upndance\\\/#primaryimage\"},\"image\":{\"@id\":\"https:\\\/\\\/barbaboost.com\\\/index.php\\\/upndance\\\/#primaryimage\"},\"thumbnailUrl\":\"http:\\\/\\\/barbaboost.com\\\/wp-content\\\/uploads\\\/2025\\\/11\\\/separateur.png\",\"datePublished\":\"2025-11-07T10:46:51+00:00\",\"dateModified\":\"2025-11-14T13:20:44+00:00\",\"description\":\"Cr\u00e9ation du logo et r\u00e9alisation d\u2019illustrations pour une gamme de sweat-shirts repr\u00e9sentant chaque discipline enseign\u00e9e.\",\"breadcrumb\":{\"@id\":\"https:\\\/\\\/barbaboost.com\\\/index.php\\\/upndance\\\/#breadcrumb\"},\"inLanguage\":\"fr-FR\",\"potentialAction\":[{\"@type\":\"ReadAction\",\"target\":[\"https:\\\/\\\/barbaboost.com\\\/index.php\\\/upndance\\\/\"]}]},{\"@type\":\"ImageObject\",\"inLanguage\":\"fr-FR\",\"@id\":\"https:\\\/\\\/barbaboost.com\\\/index.php\\\/upndance\\\/#primaryimage\",\"url\":\"http:\\\/\\\/barbaboost.com\\\/wp-content\\\/uploads\\\/2025\\\/11\\\/separateur.png\",\"contentUrl\":\"http:\\\/\\\/barbaboost.com\\\/wp-content\\\/uploads\\\/2025\\\/11\\\/separateur.png\"},{\"@type\":\"BreadcrumbList\",\"@id\":\"https:\\\/\\\/barbaboost.com\\\/index.php\\\/upndance\\\/#breadcrumb\",\"itemListElement\":[{\"@type\":\"ListItem\",\"position\":1,\"name\":\"Accueil\",\"item\":\"https:\\\/\\\/barbaboost.com\\\/\"},{\"@type\":\"ListItem\",\"position\":2,\"name\":\"UP&rsquo;N DANCE\"}]},{\"@type\":\"WebSite\",\"@id\":\"https:\\\/\\\/barbaboost.com\\\/#website\",\"url\":\"https:\\\/\\\/barbaboost.com\\\/\",\"name\":\"Barba BOOST\",\"description\":\"Barba BOOST ta com&#039; \\\/ ton image \\\/ ta notori\u00e9t\u00e9\",\"publisher\":{\"@id\":\"https:\\\/\\\/barbaboost.com\\\/#organization\"},\"potentialAction\":[{\"@type\":\"SearchAction\",\"target\":{\"@type\":\"EntryPoint\",\"urlTemplate\":\"https:\\\/\\\/barbaboost.com\\\/?s={search_term_string}\"},\"query-input\":{\"@type\":\"PropertyValueSpecification\",\"valueRequired\":true,\"valueName\":\"search_term_string\"}}],\"inLanguage\":\"fr-FR\"},{\"@type\":\"Organization\",\"@id\":\"https:\\\/\\\/barbaboost.com\\\/#organization\",\"name\":\"Barba BOOST\",\"url\":\"https:\\\/\\\/barbaboost.com\\\/\",\"logo\":{\"@type\":\"ImageObject\",\"inLanguage\":\"fr-FR\",\"@id\":\"https:\\\/\\\/barbaboost.com\\\/#\\\/schema\\\/logo\\\/image\\\/\",\"url\":\"https:\\\/\\\/barbaboost.com\\\/wp-content\\\/uploads\\\/2025\\\/11\\\/logo.png\",\"contentUrl\":\"https:\\\/\\\/barbaboost.com\\\/wp-content\\\/uploads\\\/2025\\\/11\\\/logo.png\",\"width\":1021,\"height\":283,\"caption\":\"Barba BOOST\"},\"image\":{\"@id\":\"https:\\\/\\\/barbaboost.com\\\/#\\\/schema\\\/logo\\\/image\\\/\"},\"sameAs\":[\"https:\\\/\\\/www.facebook.com\\\/people\\\/BARBA-BOOST\\\/61582244945286\\\/\",\"https:\\\/\\\/www.instagram.com\\\/barbaboost\\\/\"]}]}<\/script>\n<!-- \/ Yoast SEO plugin. -->","yoast_head_json":{"title":"UP'N DANCE - Barba BOOST","description":"Cr\u00e9ation du logo et r\u00e9alisation d\u2019illustrations pour une gamme de sweat-shirts repr\u00e9sentant chaque discipline enseign\u00e9e.","robots":{"index":"index","follow":"follow","max-snippet":"max-snippet:-1","max-image-preview":"max-image-preview:large","max-video-preview":"max-video-preview:-1"},"canonical":"https:\/\/barbaboost.com\/index.php\/upndance\/","og_locale":"fr_FR","og_type":"article","og_title":"UP'N DANCE - Barba BOOST","og_description":"Cr\u00e9ation du logo et r\u00e9alisation d\u2019illustrations pour une gamme de sweat-shirts repr\u00e9sentant chaque discipline enseign\u00e9e.","og_url":"https:\/\/barbaboost.com\/index.php\/upndance\/","og_site_name":"Barba BOOST","article_publisher":"https:\/\/www.facebook.com\/people\/BARBA-BOOST\/61582244945286\/","article_modified_time":"2025-11-14T13:20:44+00:00","og_image":[{"url":"http:\/\/barbaboost.com\/wp-content\/uploads\/2025\/11\/separateur.png","type":"","width":"","height":""}],"twitter_card":"summary_large_image","twitter_misc":{"Dur\u00e9e de lecture estim\u00e9e":"3 minutes"},"schema":{"@context":"https:\/\/schema.org","@graph":[{"@type":"WebPage","@id":"https:\/\/barbaboost.com\/index.php\/upndance\/","url":"https:\/\/barbaboost.com\/index.php\/upndance\/","name":"UP'N DANCE - Barba BOOST","isPartOf":{"@id":"https:\/\/barbaboost.com\/#website"},"primaryImageOfPage":{"@id":"https:\/\/barbaboost.com\/index.php\/upndance\/#primaryimage"},"image":{"@id":"https:\/\/barbaboost.com\/index.php\/upndance\/#primaryimage"},"thumbnailUrl":"http:\/\/barbaboost.com\/wp-content\/uploads\/2025\/11\/separateur.png","datePublished":"2025-11-07T10:46:51+00:00","dateModified":"2025-11-14T13:20:44+00:00","description":"Cr\u00e9ation du logo et r\u00e9alisation d\u2019illustrations pour une gamme de sweat-shirts repr\u00e9sentant chaque discipline enseign\u00e9e.","breadcrumb":{"@id":"https:\/\/barbaboost.com\/index.php\/upndance\/#breadcrumb"},"inLanguage":"fr-FR","potentialAction":[{"@type":"ReadAction","target":["https:\/\/barbaboost.com\/index.php\/upndance\/"]}]},{"@type":"ImageObject","inLanguage":"fr-FR","@id":"https:\/\/barbaboost.com\/index.php\/upndance\/#primaryimage","url":"http:\/\/barbaboost.com\/wp-content\/uploads\/2025\/11\/separateur.png","contentUrl":"http:\/\/barbaboost.com\/wp-content\/uploads\/2025\/11\/separateur.png"},{"@type":"BreadcrumbList","@id":"https:\/\/barbaboost.com\/index.php\/upndance\/#breadcrumb","itemListElement":[{"@type":"ListItem","position":1,"name":"Accueil","item":"https:\/\/barbaboost.com\/"},{"@type":"ListItem","position":2,"name":"UP&rsquo;N DANCE"}]},{"@type":"WebSite","@id":"https:\/\/barbaboost.com\/#website","url":"https:\/\/barbaboost.com\/","name":"Barba BOOST","description":"Barba BOOST ta com&#039; \/ ton image \/ ta notori\u00e9t\u00e9","publisher":{"@id":"https:\/\/barbaboost.com\/#organization"},"potentialAction":[{"@type":"SearchAction","target":{"@type":"EntryPoint","urlTemplate":"https:\/\/barbaboost.com\/?s={search_term_string}"},"query-input":{"@type":"PropertyValueSpecification","valueRequired":true,"valueName":"search_term_string"}}],"inLanguage":"fr-FR"},{"@type":"Organization","@id":"https:\/\/barbaboost.com\/#organization","name":"Barba BOOST","url":"https:\/\/barbaboost.com\/","logo":{"@type":"ImageObject","inLanguage":"fr-FR","@id":"https:\/\/barbaboost.com\/#\/schema\/logo\/image\/","url":"https:\/\/barbaboost.com\/wp-content\/uploads\/2025\/11\/logo.png","contentUrl":"https:\/\/barbaboost.com\/wp-content\/uploads\/2025\/11\/logo.png","width":1021,"height":283,"caption":"Barba BOOST"},"image":{"@id":"https:\/\/barbaboost.com\/#\/schema\/logo\/image\/"},"sameAs":["https:\/\/www.facebook.com\/people\/BARBA-BOOST\/61582244945286\/","https:\/\/www.instagram.com\/barbaboost\/"]}]}},"_links":{"self":[{"href":"https:\/\/barbaboost.com\/index.php\/wp-json\/wp\/v2\/pages\/156","targetHints":{"allow":["GET"]}}],"collection":[{"href":"https:\/\/barbaboost.com\/index.php\/wp-json\/wp\/v2\/pages"}],"about":[{"href":"https:\/\/barbaboost.com\/index.php\/wp-json\/wp\/v2\/types\/page"}],"author":[{"embeddable":true,"href":"https:\/\/barbaboost.com\/index.php\/wp-json\/wp\/v2\/users\/1"}],"replies":[{"embeddable":true,"href":"https:\/\/barbaboost.com\/index.php\/wp-json\/wp\/v2\/comments?post=156"}],"version-history":[{"count":10,"href":"https:\/\/barbaboost.com\/index.php\/wp-json\/wp\/v2\/pages\/156\/revisions"}],"predecessor-version":[{"id":175,"href":"https:\/\/barbaboost.com\/index.php\/wp-json\/wp\/v2\/pages\/156\/revisions\/175"}],"wp:attachment":[{"href":"https:\/\/barbaboost.com\/index.php\/wp-json\/wp\/v2\/media?parent=156"}],"curies":[{"name":"wp","href":"https:\/\/api.w.org\/{rel}","templated":true}]}}