{"id":134,"date":"2025-11-05T16:12:46","date_gmt":"2025-11-05T16:12:46","guid":{"rendered":"https:\/\/barbaboost.com\/?page_id=134"},"modified":"2025-11-14T13:23:00","modified_gmt":"2025-11-14T13:23:00","slug":"contact","status":"publish","type":"page","link":"https:\/\/barbaboost.com\/index.php\/contact\/","title":{"rendered":"contact"},"content":{"rendered":"\t\t<div data-elementor-type=\"wp-page\" data-elementor-id=\"134\" class=\"elementor elementor-134\">\n\t\t\t\t<div class=\"elementor-element elementor-element-7f0353e8 e-flex e-con-boxed wpr-particle-no wpr-jarallax-no wpr-parallax-no wpr-sticky-section-no wpr-equal-height-no e-con e-parent\" data-id=\"7f0353e8\" data-element_type=\"container\" data-e-type=\"container\">\n\t\t\t\t\t<div class=\"e-con-inner\">\n\t\t\t\t<div class=\"elementor-element elementor-element-187158fc elementor-widget elementor-widget-image\" data-id=\"187158fc\" data-element_type=\"widget\" data-e-type=\"widget\" data-widget_type=\"image.default\">\n\t\t\t\t\t\t\t\t\t\t\t\t\t\t\t<img fetchpriority=\"high\" decoding=\"async\" width=\"1073\" height=\"79\" src=\"https:\/\/barbaboost.com\/wp-content\/uploads\/2025\/11\/separateur.png\" class=\"attachment-full size-full wp-image-47\" alt=\"\" srcset=\"https:\/\/barbaboost.com\/wp-content\/uploads\/2025\/11\/separateur.png 1073w, https:\/\/barbaboost.com\/wp-content\/uploads\/2025\/11\/separateur-300x22.png 300w, https:\/\/barbaboost.com\/wp-content\/uploads\/2025\/11\/separateur-1024x75.png 1024w, https:\/\/barbaboost.com\/wp-content\/uploads\/2025\/11\/separateur-768x57.png 768w, https:\/\/barbaboost.com\/wp-content\/uploads\/2025\/11\/separateur-600x44.png 600w\" sizes=\"(max-width: 1073px) 100vw, 1073px\" \/>\t\t\t\t\t\t\t\t\t\t\t\t\t\t\t<\/div>\n\t\t\t\t\t<\/div>\n\t\t\t\t<\/div>\n\t\t<div class=\"elementor-element elementor-element-4432572 e-flex e-con-boxed wpr-particle-no wpr-jarallax-no wpr-parallax-no wpr-sticky-section-no wpr-equal-height-no e-con e-parent\" data-id=\"4432572\" data-element_type=\"container\" data-e-type=\"container\">\n\t\t\t\t\t<div class=\"e-con-inner\">\n\t\t\t\t<div class=\"elementor-element elementor-element-10a691c2 elementor-widget elementor-widget-text-editor\" data-id=\"10a691c2\" data-element_type=\"widget\" data-e-type=\"widget\" data-widget_type=\"text-editor.default\">\n\t\t\t\t\t\t\t\t\t<p style=\"text-align: center;\"><strong>Barbara Mouici<\/strong><br \/><strong>3654B Route de Gordes<\/strong><br \/><strong>844440 Robion<\/strong><\/p><p style=\"text-align: center;\"><strong>T\u00e9l.: 06.74.45.49.97<\/strong><br \/><strong>email: <a href=\"mailto:barbaboost84@gmail.com\" data-wplink-edit=\"true\">barbaboost84@gmail.com<\/a><\/strong><\/p>\t\t\t\t\t\t\t\t<\/div>\n\t\t\t\t\t<\/div>\n\t\t\t\t<\/div>\n\t\t<div class=\"elementor-element elementor-element-1fd71e76 e-flex e-con-boxed wpr-particle-no wpr-jarallax-no wpr-parallax-no wpr-sticky-section-no wpr-equal-height-no e-con e-parent\" data-id=\"1fd71e76\" data-element_type=\"container\" data-e-type=\"container\">\n\t\t\t\t\t<div class=\"e-con-inner\">\n\t\t\t\t<div class=\"elementor-element elementor-element-74629e67 elementor-widget elementor-widget-image\" data-id=\"74629e67\" data-element_type=\"widget\" data-e-type=\"widget\" data-widget_type=\"image.default\">\n\t\t\t\t\t\t\t\t\t\t\t\t\t\t\t<img decoding=\"async\" width=\"1024\" height=\"170\" src=\"https:\/\/barbaboost.com\/wp-content\/uploads\/2025\/11\/citation3-1024x170.webp\" class=\"attachment-large size-large wp-image-136\" alt=\"un projet\" srcset=\"https:\/\/barbaboost.com\/wp-content\/uploads\/2025\/11\/citation3-1024x170.webp 1024w, https:\/\/barbaboost.com\/wp-content\/uploads\/2025\/11\/citation3-300x50.webp 300w, https:\/\/barbaboost.com\/wp-content\/uploads\/2025\/11\/citation3-768x127.webp 768w, https:\/\/barbaboost.com\/wp-content\/uploads\/2025\/11\/citation3-1536x254.webp 1536w, https:\/\/barbaboost.com\/wp-content\/uploads\/2025\/11\/citation3-362x60.webp 362w, https:\/\/barbaboost.com\/wp-content\/uploads\/2025\/11\/citation3.webp 1800w\" sizes=\"(max-width: 1024px) 100vw, 1024px\" \/>\t\t\t\t\t\t\t\t\t\t\t\t\t\t\t<\/div>\n\t\t\t\t\t<\/div>\n\t\t\t\t<\/div>\n\t\t<div class=\"elementor-element elementor-element-4f12401e e-flex e-con-boxed wpr-particle-no wpr-jarallax-no wpr-parallax-no wpr-sticky-section-no wpr-equal-height-no e-con e-parent\" data-id=\"4f12401e\" data-element_type=\"container\" data-e-type=\"container\">\n\t\t\t\t\t<div class=\"e-con-inner\">\n\t\t\t\t<div class=\"elementor-element elementor-element-29027a93 animated-slow elementor-invisible elementor-widget elementor-widget-image\" data-id=\"29027a93\" data-element_type=\"widget\" data-e-type=\"widget\" data-settings=\"{&quot;_animation&quot;:&quot;fadeIn&quot;}\" data-widget_type=\"image.default\">\n\t\t\t\t\t\t\t\t\t\t\t\t\t\t\t<img decoding=\"async\" width=\"1024\" height=\"745\" src=\"https:\/\/barbaboost.com\/wp-content\/uploads\/2025\/11\/ImgBasdePage3-19-1024x745.webp\" class=\"attachment-large size-large wp-image-137\" alt=\"Barba Boost coordonn\u00e9es\" srcset=\"https:\/\/barbaboost.com\/wp-content\/uploads\/2025\/11\/ImgBasdePage3-19-1024x745.webp 1024w, https:\/\/barbaboost.com\/wp-content\/uploads\/2025\/11\/ImgBasdePage3-19-300x218.webp 300w, https:\/\/barbaboost.com\/wp-content\/uploads\/2025\/11\/ImgBasdePage3-19-768x559.webp 768w, https:\/\/barbaboost.com\/wp-content\/uploads\/2025\/11\/ImgBasdePage3-19-1536x1117.webp 1536w, https:\/\/barbaboost.com\/wp-content\/uploads\/2025\/11\/ImgBasdePage3-19-83x60.webp 83w, https:\/\/barbaboost.com\/wp-content\/uploads\/2025\/11\/ImgBasdePage3-19.webp 1800w\" sizes=\"(max-width: 1024px) 100vw, 1024px\" \/>\t\t\t\t\t\t\t\t\t\t\t\t\t\t\t<\/div>\n\t\t\t\t\t<\/div>\n\t\t\t\t<\/div>\n\t\t\t\t<\/div>\n\t\t","protected":false},"excerpt":{"rendered":"<p>Barbara Mouici3654B Route de Gordes844440 Robion T\u00e9l.: 06.74.45.49.97email: barbaboost84@gmail.com<\/p>\n","protected":false},"author":1,"featured_media":0,"parent":0,"menu_order":0,"comment_status":"closed","ping_status":"closed","template":"","meta":{"sfsi_plus_gutenberg_text_before_share":"","sfsi_plus_gutenberg_show_text_before_share":"","sfsi_plus_gutenberg_icon_type":"","sfsi_plus_gutenberg_icon_alignemt":"","sfsi_plus_gutenburg_max_per_row":"","footnotes":""},"class_list":["post-134","page","type-page","status-publish","hentry","latest_post"],"yoast_head":"<!-- This site is optimized with the Yoast SEO plugin v27.4 - https:\/\/yoast.com\/product\/yoast-seo-wordpress\/ -->\n<title>contact - Barba BOOST<\/title>\n<meta name=\"description\" content=\"Barba BOOST ses coordonn\u00e9es de contact, t\u00e9l\u00e9phone, mail, adresse. Graphiste polyvalente situ\u00e9e \u00e0 Robion dans le Vaucluse.\" \/>\n<meta name=\"robots\" content=\"index, follow, max-snippet:-1, max-image-preview:large, max-video-preview:-1\" \/>\n<link rel=\"canonical\" href=\"https:\/\/barbaboost.com\/index.php\/contact\/\" \/>\n<meta property=\"og:locale\" content=\"fr_FR\" \/>\n<meta property=\"og:type\" content=\"article\" \/>\n<meta property=\"og:title\" content=\"contact - Barba BOOST\" \/>\n<meta property=\"og:description\" content=\"Barba BOOST ses coordonn\u00e9es de contact, t\u00e9l\u00e9phone, mail, adresse. Graphiste polyvalente situ\u00e9e \u00e0 Robion dans le Vaucluse.\" \/>\n<meta property=\"og:url\" content=\"https:\/\/barbaboost.com\/index.php\/contact\/\" \/>\n<meta property=\"og:site_name\" content=\"Barba BOOST\" \/>\n<meta property=\"article:publisher\" content=\"https:\/\/www.facebook.com\/people\/BARBA-BOOST\/61582244945286\/\" \/>\n<meta property=\"article:modified_time\" content=\"2025-11-14T13:23:00+00:00\" \/>\n<meta property=\"og:image\" content=\"http:\/\/barbaboost.com\/wp-content\/uploads\/2025\/11\/separateur.png\" \/>\n<meta name=\"twitter:card\" content=\"summary_large_image\" \/>\n<script type=\"application\/ld+json\" class=\"yoast-schema-graph\">{\"@context\":\"https:\\\/\\\/schema.org\",\"@graph\":[{\"@type\":\"WebPage\",\"@id\":\"https:\\\/\\\/barbaboost.com\\\/index.php\\\/contact\\\/\",\"url\":\"https:\\\/\\\/barbaboost.com\\\/index.php\\\/contact\\\/\",\"name\":\"contact - Barba BOOST\",\"isPartOf\":{\"@id\":\"https:\\\/\\\/barbaboost.com\\\/#website\"},\"primaryImageOfPage\":{\"@id\":\"https:\\\/\\\/barbaboost.com\\\/index.php\\\/contact\\\/#primaryimage\"},\"image\":{\"@id\":\"https:\\\/\\\/barbaboost.com\\\/index.php\\\/contact\\\/#primaryimage\"},\"thumbnailUrl\":\"http:\\\/\\\/barbaboost.com\\\/wp-content\\\/uploads\\\/2025\\\/11\\\/separateur.png\",\"datePublished\":\"2025-11-05T16:12:46+00:00\",\"dateModified\":\"2025-11-14T13:23:00+00:00\",\"description\":\"Barba BOOST ses coordonn\u00e9es de contact, t\u00e9l\u00e9phone, mail, adresse. Graphiste polyvalente situ\u00e9e \u00e0 Robion dans le Vaucluse.\",\"breadcrumb\":{\"@id\":\"https:\\\/\\\/barbaboost.com\\\/index.php\\\/contact\\\/#breadcrumb\"},\"inLanguage\":\"fr-FR\",\"potentialAction\":[{\"@type\":\"ReadAction\",\"target\":[\"https:\\\/\\\/barbaboost.com\\\/index.php\\\/contact\\\/\"]}]},{\"@type\":\"ImageObject\",\"inLanguage\":\"fr-FR\",\"@id\":\"https:\\\/\\\/barbaboost.com\\\/index.php\\\/contact\\\/#primaryimage\",\"url\":\"http:\\\/\\\/barbaboost.com\\\/wp-content\\\/uploads\\\/2025\\\/11\\\/separateur.png\",\"contentUrl\":\"http:\\\/\\\/barbaboost.com\\\/wp-content\\\/uploads\\\/2025\\\/11\\\/separateur.png\"},{\"@type\":\"BreadcrumbList\",\"@id\":\"https:\\\/\\\/barbaboost.com\\\/index.php\\\/contact\\\/#breadcrumb\",\"itemListElement\":[{\"@type\":\"ListItem\",\"position\":1,\"name\":\"Accueil\",\"item\":\"https:\\\/\\\/barbaboost.com\\\/\"},{\"@type\":\"ListItem\",\"position\":2,\"name\":\"contact\"}]},{\"@type\":\"WebSite\",\"@id\":\"https:\\\/\\\/barbaboost.com\\\/#website\",\"url\":\"https:\\\/\\\/barbaboost.com\\\/\",\"name\":\"Barba BOOST\",\"description\":\"Barba BOOST ta com&#039; \\\/ ton image \\\/ ta notori\u00e9t\u00e9\",\"publisher\":{\"@id\":\"https:\\\/\\\/barbaboost.com\\\/#organization\"},\"potentialAction\":[{\"@type\":\"SearchAction\",\"target\":{\"@type\":\"EntryPoint\",\"urlTemplate\":\"https:\\\/\\\/barbaboost.com\\\/?s={search_term_string}\"},\"query-input\":{\"@type\":\"PropertyValueSpecification\",\"valueRequired\":true,\"valueName\":\"search_term_string\"}}],\"inLanguage\":\"fr-FR\"},{\"@type\":\"Organization\",\"@id\":\"https:\\\/\\\/barbaboost.com\\\/#organization\",\"name\":\"Barba BOOST\",\"url\":\"https:\\\/\\\/barbaboost.com\\\/\",\"logo\":{\"@type\":\"ImageObject\",\"inLanguage\":\"fr-FR\",\"@id\":\"https:\\\/\\\/barbaboost.com\\\/#\\\/schema\\\/logo\\\/image\\\/\",\"url\":\"https:\\\/\\\/barbaboost.com\\\/wp-content\\\/uploads\\\/2025\\\/11\\\/logo.png\",\"contentUrl\":\"https:\\\/\\\/barbaboost.com\\\/wp-content\\\/uploads\\\/2025\\\/11\\\/logo.png\",\"width\":1021,\"height\":283,\"caption\":\"Barba BOOST\"},\"image\":{\"@id\":\"https:\\\/\\\/barbaboost.com\\\/#\\\/schema\\\/logo\\\/image\\\/\"},\"sameAs\":[\"https:\\\/\\\/www.facebook.com\\\/people\\\/BARBA-BOOST\\\/61582244945286\\\/\",\"https:\\\/\\\/www.instagram.com\\\/barbaboost\\\/\"]}]}<\/script>\n<!-- \/ Yoast SEO plugin. -->","yoast_head_json":{"title":"contact - Barba BOOST","description":"Barba BOOST ses coordonn\u00e9es de contact, t\u00e9l\u00e9phone, mail, adresse. Graphiste polyvalente situ\u00e9e \u00e0 Robion dans le Vaucluse.","robots":{"index":"index","follow":"follow","max-snippet":"max-snippet:-1","max-image-preview":"max-image-preview:large","max-video-preview":"max-video-preview:-1"},"canonical":"https:\/\/barbaboost.com\/index.php\/contact\/","og_locale":"fr_FR","og_type":"article","og_title":"contact - Barba BOOST","og_description":"Barba BOOST ses coordonn\u00e9es de contact, t\u00e9l\u00e9phone, mail, adresse. Graphiste polyvalente situ\u00e9e \u00e0 Robion dans le Vaucluse.","og_url":"https:\/\/barbaboost.com\/index.php\/contact\/","og_site_name":"Barba BOOST","article_publisher":"https:\/\/www.facebook.com\/people\/BARBA-BOOST\/61582244945286\/","article_modified_time":"2025-11-14T13:23:00+00:00","og_image":[{"url":"http:\/\/barbaboost.com\/wp-content\/uploads\/2025\/11\/separateur.png","type":"","width":"","height":""}],"twitter_card":"summary_large_image","schema":{"@context":"https:\/\/schema.org","@graph":[{"@type":"WebPage","@id":"https:\/\/barbaboost.com\/index.php\/contact\/","url":"https:\/\/barbaboost.com\/index.php\/contact\/","name":"contact - Barba BOOST","isPartOf":{"@id":"https:\/\/barbaboost.com\/#website"},"primaryImageOfPage":{"@id":"https:\/\/barbaboost.com\/index.php\/contact\/#primaryimage"},"image":{"@id":"https:\/\/barbaboost.com\/index.php\/contact\/#primaryimage"},"thumbnailUrl":"http:\/\/barbaboost.com\/wp-content\/uploads\/2025\/11\/separateur.png","datePublished":"2025-11-05T16:12:46+00:00","dateModified":"2025-11-14T13:23:00+00:00","description":"Barba BOOST ses coordonn\u00e9es de contact, t\u00e9l\u00e9phone, mail, adresse. Graphiste polyvalente situ\u00e9e \u00e0 Robion dans le Vaucluse.","breadcrumb":{"@id":"https:\/\/barbaboost.com\/index.php\/contact\/#breadcrumb"},"inLanguage":"fr-FR","potentialAction":[{"@type":"ReadAction","target":["https:\/\/barbaboost.com\/index.php\/contact\/"]}]},{"@type":"ImageObject","inLanguage":"fr-FR","@id":"https:\/\/barbaboost.com\/index.php\/contact\/#primaryimage","url":"http:\/\/barbaboost.com\/wp-content\/uploads\/2025\/11\/separateur.png","contentUrl":"http:\/\/barbaboost.com\/wp-content\/uploads\/2025\/11\/separateur.png"},{"@type":"BreadcrumbList","@id":"https:\/\/barbaboost.com\/index.php\/contact\/#breadcrumb","itemListElement":[{"@type":"ListItem","position":1,"name":"Accueil","item":"https:\/\/barbaboost.com\/"},{"@type":"ListItem","position":2,"name":"contact"}]},{"@type":"WebSite","@id":"https:\/\/barbaboost.com\/#website","url":"https:\/\/barbaboost.com\/","name":"Barba BOOST","description":"Barba BOOST ta com&#039; \/ ton image \/ ta notori\u00e9t\u00e9","publisher":{"@id":"https:\/\/barbaboost.com\/#organization"},"potentialAction":[{"@type":"SearchAction","target":{"@type":"EntryPoint","urlTemplate":"https:\/\/barbaboost.com\/?s={search_term_string}"},"query-input":{"@type":"PropertyValueSpecification","valueRequired":true,"valueName":"search_term_string"}}],"inLanguage":"fr-FR"},{"@type":"Organization","@id":"https:\/\/barbaboost.com\/#organization","name":"Barba BOOST","url":"https:\/\/barbaboost.com\/","logo":{"@type":"ImageObject","inLanguage":"fr-FR","@id":"https:\/\/barbaboost.com\/#\/schema\/logo\/image\/","url":"https:\/\/barbaboost.com\/wp-content\/uploads\/2025\/11\/logo.png","contentUrl":"https:\/\/barbaboost.com\/wp-content\/uploads\/2025\/11\/logo.png","width":1021,"height":283,"caption":"Barba BOOST"},"image":{"@id":"https:\/\/barbaboost.com\/#\/schema\/logo\/image\/"},"sameAs":["https:\/\/www.facebook.com\/people\/BARBA-BOOST\/61582244945286\/","https:\/\/www.instagram.com\/barbaboost\/"]}]}},"_links":{"self":[{"href":"https:\/\/barbaboost.com\/index.php\/wp-json\/wp\/v2\/pages\/134","targetHints":{"allow":["GET"]}}],"collection":[{"href":"https:\/\/barbaboost.com\/index.php\/wp-json\/wp\/v2\/pages"}],"about":[{"href":"https:\/\/barbaboost.com\/index.php\/wp-json\/wp\/v2\/types\/page"}],"author":[{"embeddable":true,"href":"https:\/\/barbaboost.com\/index.php\/wp-json\/wp\/v2\/users\/1"}],"replies":[{"embeddable":true,"href":"https:\/\/barbaboost.com\/index.php\/wp-json\/wp\/v2\/comments?post=134"}],"version-history":[{"count":7,"href":"https:\/\/barbaboost.com\/index.php\/wp-json\/wp\/v2\/pages\/134\/revisions"}],"predecessor-version":[{"id":198,"href":"https:\/\/barbaboost.com\/index.php\/wp-json\/wp\/v2\/pages\/134\/revisions\/198"}],"wp:attachment":[{"href":"https:\/\/barbaboost.com\/index.php\/wp-json\/wp\/v2\/media?parent=134"}],"curies":[{"name":"wp","href":"https:\/\/api.w.org\/{rel}","templated":true}]}}