{"id":117,"date":"2025-11-05T15:38:49","date_gmt":"2025-11-05T15:38:49","guid":{"rendered":"https:\/\/barbaboost.com\/?page_id=117"},"modified":"2025-11-14T11:49:06","modified_gmt":"2025-11-14T11:49:06","slug":"ecouter-comprendre","status":"publish","type":"page","link":"https:\/\/barbaboost.com\/index.php\/ecouter-comprendre\/","title":{"rendered":"Vision"},"content":{"rendered":"\t\t<div data-elementor-type=\"wp-page\" data-elementor-id=\"117\" class=\"elementor elementor-117\">\n\t\t\t\t<div class=\"elementor-element elementor-element-56eef452 e-flex e-con-boxed wpr-particle-no wpr-jarallax-no wpr-parallax-no wpr-sticky-section-no wpr-equal-height-no e-con e-parent\" data-id=\"56eef452\" data-element_type=\"container\" data-e-type=\"container\">\n\t\t\t\t\t<div class=\"e-con-inner\">\n\t\t\t\t<div class=\"elementor-element elementor-element-2990dad elementor-widget elementor-widget-image\" data-id=\"2990dad\" data-element_type=\"widget\" data-e-type=\"widget\" data-widget_type=\"image.default\">\n\t\t\t\t\t\t\t\t\t\t\t\t\t\t\t<img fetchpriority=\"high\" decoding=\"async\" width=\"1073\" height=\"79\" src=\"https:\/\/barbaboost.com\/wp-content\/uploads\/2025\/11\/separateur.png\" class=\"attachment-full size-full wp-image-47\" alt=\"\" srcset=\"https:\/\/barbaboost.com\/wp-content\/uploads\/2025\/11\/separateur.png 1073w, https:\/\/barbaboost.com\/wp-content\/uploads\/2025\/11\/separateur-300x22.png 300w, https:\/\/barbaboost.com\/wp-content\/uploads\/2025\/11\/separateur-1024x75.png 1024w, https:\/\/barbaboost.com\/wp-content\/uploads\/2025\/11\/separateur-768x57.png 768w, https:\/\/barbaboost.com\/wp-content\/uploads\/2025\/11\/separateur-600x44.png 600w\" sizes=\"(max-width: 1073px) 100vw, 1073px\" \/>\t\t\t\t\t\t\t\t\t\t\t\t\t\t\t<\/div>\n\t\t\t\t\t<\/div>\n\t\t\t\t<\/div>\n\t\t<div class=\"elementor-element elementor-element-b47a963 e-grid e-con-boxed wpr-particle-no wpr-jarallax-no wpr-parallax-no wpr-sticky-section-no wpr-equal-height-no e-con e-parent\" data-id=\"b47a963\" data-element_type=\"container\" data-e-type=\"container\">\n\t\t\t\t\t<div class=\"e-con-inner\">\n\t\t\t\t<div class=\"elementor-element elementor-element-352e44e9 elementor-widget elementor-widget-text-editor\" data-id=\"352e44e9\" data-element_type=\"widget\" data-e-type=\"widget\" data-widget_type=\"text-editor.default\">\n\t\t\t\t\t\t\t\t\t<p>Chaque projet commence par l&rsquo;<strong>\u00a0<big>\u00e9coute<\/big><\/strong>, comprendre l&rsquo;ADN de votre <strong><big>marque et ses valeurs<\/big><\/strong>. Imaginer alors une communication qui <strong><big>vous ressemble.<\/big><\/strong><\/p>\t\t\t\t\t\t\t\t<\/div>\n\t\t\t\t<div class=\"elementor-element elementor-element-22d7c21f animated-slow elementor-invisible elementor-widget elementor-widget-image\" data-id=\"22d7c21f\" data-element_type=\"widget\" data-e-type=\"widget\" data-settings=\"{&quot;_animation&quot;:&quot;bounceIn&quot;}\" data-widget_type=\"image.default\">\n\t\t\t\t\t\t\t\t\t\t\t\t\t\t\t<img decoding=\"async\" width=\"766\" height=\"494\" src=\"https:\/\/barbaboost.com\/wp-content\/uploads\/2025\/11\/illusEcoute.webp\" class=\"attachment-large size-large wp-image-122\" alt=\"picto oreille main\" srcset=\"https:\/\/barbaboost.com\/wp-content\/uploads\/2025\/11\/illusEcoute.webp 766w, https:\/\/barbaboost.com\/wp-content\/uploads\/2025\/11\/illusEcoute-300x193.webp 300w, https:\/\/barbaboost.com\/wp-content\/uploads\/2025\/11\/illusEcoute-93x60.webp 93w\" sizes=\"(max-width: 766px) 100vw, 766px\" \/>\t\t\t\t\t\t\t\t\t\t\t\t\t\t\t<\/div>\n\t\t\t\t\t<\/div>\n\t\t\t\t<\/div>\n\t\t<div class=\"elementor-element elementor-element-398ee989 e-flex e-con-boxed wpr-particle-no wpr-jarallax-no wpr-parallax-no wpr-sticky-section-no wpr-equal-height-no e-con e-parent\" data-id=\"398ee989\" data-element_type=\"container\" data-e-type=\"container\">\n\t\t\t\t\t<div class=\"e-con-inner\">\n\t\t\t\t<div class=\"elementor-element elementor-element-ea7b8fe elementor-widget elementor-widget-text-editor\" data-id=\"ea7b8fe\" data-element_type=\"widget\" data-e-type=\"widget\" data-widget_type=\"text-editor.default\">\n\t\t\t\t\t\t\t\t\t<h4 style=\"text-align: center;\">Des contenus pens\u00e9s pour durer, coh\u00e9rents et align\u00e9s sur une strat\u00e9gie globale<\/h4>\t\t\t\t\t\t\t\t<\/div>\n\t\t\t\t\t<\/div>\n\t\t\t\t<\/div>\n\t\t<div class=\"elementor-element elementor-element-3cbfced1 e-grid e-con-boxed wpr-particle-no wpr-jarallax-no wpr-parallax-no wpr-sticky-section-no wpr-equal-height-no e-con e-parent\" data-id=\"3cbfced1\" data-element_type=\"container\" data-e-type=\"container\">\n\t\t\t\t\t<div class=\"e-con-inner\">\n\t\t\t\t<div class=\"elementor-element elementor-element-2b4c313a animated-slow elementor-invisible elementor-widget elementor-widget-image\" data-id=\"2b4c313a\" data-element_type=\"widget\" data-e-type=\"widget\" data-settings=\"{&quot;_animation&quot;:&quot;bounceIn&quot;}\" data-widget_type=\"image.default\">\n\t\t\t\t\t\t\t\t\t\t\t\t\t\t\t<img decoding=\"async\" width=\"908\" height=\"535\" src=\"https:\/\/barbaboost.com\/wp-content\/uploads\/2025\/11\/IllusCreativ-15.webp\" class=\"attachment-large size-large wp-image-127\" alt=\"picto ampoule\" srcset=\"https:\/\/barbaboost.com\/wp-content\/uploads\/2025\/11\/IllusCreativ-15.webp 908w, https:\/\/barbaboost.com\/wp-content\/uploads\/2025\/11\/IllusCreativ-15-300x177.webp 300w, https:\/\/barbaboost.com\/wp-content\/uploads\/2025\/11\/IllusCreativ-15-768x453.webp 768w, https:\/\/barbaboost.com\/wp-content\/uploads\/2025\/11\/IllusCreativ-15-102x60.webp 102w\" sizes=\"(max-width: 908px) 100vw, 908px\" \/>\t\t\t\t\t\t\t\t\t\t\t\t\t\t\t<\/div>\n\t\t\t\t<div class=\"elementor-element elementor-element-5c89603f elementor-widget elementor-widget-text-editor\" data-id=\"5c89603f\" data-element_type=\"widget\" data-e-type=\"widget\" data-widget_type=\"text-editor.default\">\n\t\t\t\t\t\t\t\t\t<p>Mon travail m\u00eale <strong><big>cr\u00e9ativit\u00e9<\/big><\/strong> , techniques et <strong><big>storytelling<\/big><\/strong> pour donner vie \u00e0 des supports qui captent l&rsquo;attention et cr\u00e9ent de l&rsquo;\u00e9motion.<\/p>\t\t\t\t\t\t\t\t<\/div>\n\t\t\t\t\t<\/div>\n\t\t\t\t<\/div>\n\t\t<div class=\"elementor-element elementor-element-7446540c e-flex e-con-boxed wpr-particle-no wpr-jarallax-no wpr-parallax-no wpr-sticky-section-no wpr-equal-height-no e-con e-parent\" data-id=\"7446540c\" data-element_type=\"container\" data-e-type=\"container\">\n\t\t\t\t\t<div class=\"e-con-inner\">\n\t\t\t\t<div class=\"elementor-element elementor-element-547858cf elementor-widget elementor-widget-text-editor\" data-id=\"547858cf\" data-element_type=\"widget\" data-e-type=\"widget\" data-widget_type=\"text-editor.default\">\n\t\t\t\t\t\t\t\t\t<h4 style=\"text-align: center;\">Chaque cr\u00e9ation est con\u00e7ue pour surprendre, faire sourire et renforcer le lien entre la marque et son public.<\/h4>\t\t\t\t\t\t\t\t<\/div>\n\t\t\t\t\t<\/div>\n\t\t\t\t<\/div>\n\t\t<div class=\"elementor-element elementor-element-43b566cc e-flex e-con-boxed wpr-particle-no wpr-jarallax-no wpr-parallax-no wpr-sticky-section-no wpr-equal-height-no e-con e-parent\" data-id=\"43b566cc\" data-element_type=\"container\" data-e-type=\"container\">\n\t\t\t\t\t<div class=\"e-con-inner\">\n\t\t\t\t<div class=\"elementor-element elementor-element-6f351450 elementor-widget elementor-widget-image\" data-id=\"6f351450\" data-element_type=\"widget\" data-e-type=\"widget\" data-widget_type=\"image.default\">\n\t\t\t\t\t\t\t\t\t\t\t\t\t\t\t<img loading=\"lazy\" decoding=\"async\" width=\"1024\" height=\"114\" src=\"https:\/\/barbaboost.com\/wp-content\/uploads\/2025\/11\/citation2-1024x114.webp\" class=\"attachment-large size-large wp-image-128\" alt=\"\u00e9motion image\" srcset=\"https:\/\/barbaboost.com\/wp-content\/uploads\/2025\/11\/citation2-1024x114.webp 1024w, https:\/\/barbaboost.com\/wp-content\/uploads\/2025\/11\/citation2-300x34.webp 300w, https:\/\/barbaboost.com\/wp-content\/uploads\/2025\/11\/citation2-768x86.webp 768w, https:\/\/barbaboost.com\/wp-content\/uploads\/2025\/11\/citation2-1536x172.webp 1536w, https:\/\/barbaboost.com\/wp-content\/uploads\/2025\/11\/citation2-537x60.webp 537w, https:\/\/barbaboost.com\/wp-content\/uploads\/2025\/11\/citation2.webp 1800w\" sizes=\"(max-width: 1024px) 100vw, 1024px\" \/>\t\t\t\t\t\t\t\t\t\t\t\t\t\t\t<\/div>\n\t\t\t\t\t<\/div>\n\t\t\t\t<\/div>\n\t\t<div class=\"elementor-element elementor-element-66ac90aa e-flex e-con-boxed wpr-particle-no wpr-jarallax-no wpr-parallax-no wpr-sticky-section-no wpr-equal-height-no e-con e-parent\" data-id=\"66ac90aa\" data-element_type=\"container\" data-e-type=\"container\">\n\t\t\t\t\t<div class=\"e-con-inner\">\n\t\t\t\t<div class=\"elementor-element elementor-element-194ec28b animated-slow elementor-invisible elementor-widget elementor-widget-image\" data-id=\"194ec28b\" data-element_type=\"widget\" data-e-type=\"widget\" data-settings=\"{&quot;_animation&quot;:&quot;fadeIn&quot;}\" data-widget_type=\"image.default\">\n\t\t\t\t\t\t\t\t\t\t\t\t\t\t\t<img loading=\"lazy\" decoding=\"async\" width=\"1024\" height=\"811\" src=\"https:\/\/barbaboost.com\/wp-content\/uploads\/2025\/11\/ImgBasdePage2-1024x811.webp\" class=\"attachment-large size-large wp-image-129\" alt=\"Barba Boost vision\" srcset=\"https:\/\/barbaboost.com\/wp-content\/uploads\/2025\/11\/ImgBasdePage2-1024x811.webp 1024w, https:\/\/barbaboost.com\/wp-content\/uploads\/2025\/11\/ImgBasdePage2-300x238.webp 300w, https:\/\/barbaboost.com\/wp-content\/uploads\/2025\/11\/ImgBasdePage2-768x608.webp 768w, https:\/\/barbaboost.com\/wp-content\/uploads\/2025\/11\/ImgBasdePage2-1536x1217.webp 1536w, https:\/\/barbaboost.com\/wp-content\/uploads\/2025\/11\/ImgBasdePage2-76x60.webp 76w, https:\/\/barbaboost.com\/wp-content\/uploads\/2025\/11\/ImgBasdePage2.webp 1800w\" sizes=\"(max-width: 1024px) 100vw, 1024px\" \/>\t\t\t\t\t\t\t\t\t\t\t\t\t\t\t<\/div>\n\t\t\t\t\t<\/div>\n\t\t\t\t<\/div>\n\t\t\t\t<\/div>\n\t\t","protected":false},"excerpt":{"rendered":"<p>Chaque projet commence par l&rsquo;\u00a0\u00e9coute, comprendre l&rsquo;ADN de votre marque et ses valeurs. Imaginer alors une communication qui vous ressemble. Des contenus pens\u00e9s pour durer, &hellip; <\/p>\n","protected":false},"author":1,"featured_media":0,"parent":0,"menu_order":0,"comment_status":"closed","ping_status":"closed","template":"","meta":{"sfsi_plus_gutenberg_text_before_share":"","sfsi_plus_gutenberg_show_text_before_share":"","sfsi_plus_gutenberg_icon_type":"","sfsi_plus_gutenberg_icon_alignemt":"","sfsi_plus_gutenburg_max_per_row":"","footnotes":""},"class_list":["post-117","page","type-page","status-publish","hentry","latest_post"],"yoast_head":"<!-- This site is optimized with the Yoast SEO plugin v27.4 - https:\/\/yoast.com\/product\/yoast-seo-wordpress\/ -->\n<title>Vision - Barba BOOST<\/title>\n<meta name=\"description\" content=\"Vous \u00e9couter pour mieux vous comprendre. Cr\u00e9er des contenus pens\u00e9s pour durer, coh\u00e9rents et align\u00e9s sur une strat\u00e9gie globale.\" \/>\n<meta name=\"robots\" content=\"index, follow, max-snippet:-1, max-image-preview:large, max-video-preview:-1\" \/>\n<link rel=\"canonical\" href=\"https:\/\/barbaboost.com\/index.php\/ecouter-comprendre\/\" \/>\n<meta property=\"og:locale\" content=\"fr_FR\" \/>\n<meta property=\"og:type\" content=\"article\" \/>\n<meta property=\"og:title\" content=\"Vision - Barba BOOST\" \/>\n<meta property=\"og:description\" content=\"Vous \u00e9couter pour mieux vous comprendre. Cr\u00e9er des contenus pens\u00e9s pour durer, coh\u00e9rents et align\u00e9s sur une strat\u00e9gie globale.\" \/>\n<meta property=\"og:url\" content=\"https:\/\/barbaboost.com\/index.php\/ecouter-comprendre\/\" \/>\n<meta property=\"og:site_name\" content=\"Barba BOOST\" \/>\n<meta property=\"article:publisher\" content=\"https:\/\/www.facebook.com\/people\/BARBA-BOOST\/61582244945286\/\" \/>\n<meta property=\"article:modified_time\" content=\"2025-11-14T11:49:06+00:00\" \/>\n<meta property=\"og:image\" content=\"http:\/\/barbaboost.com\/wp-content\/uploads\/2025\/11\/separateur.png\" \/>\n<meta name=\"twitter:card\" content=\"summary_large_image\" \/>\n<meta name=\"twitter:label1\" content=\"Dur\u00e9e de lecture estim\u00e9e\" \/>\n\t<meta name=\"twitter:data1\" content=\"2 minutes\" \/>\n<script type=\"application\/ld+json\" class=\"yoast-schema-graph\">{\"@context\":\"https:\\\/\\\/schema.org\",\"@graph\":[{\"@type\":\"WebPage\",\"@id\":\"https:\\\/\\\/barbaboost.com\\\/index.php\\\/ecouter-comprendre\\\/\",\"url\":\"https:\\\/\\\/barbaboost.com\\\/index.php\\\/ecouter-comprendre\\\/\",\"name\":\"Vision - Barba BOOST\",\"isPartOf\":{\"@id\":\"https:\\\/\\\/barbaboost.com\\\/#website\"},\"primaryImageOfPage\":{\"@id\":\"https:\\\/\\\/barbaboost.com\\\/index.php\\\/ecouter-comprendre\\\/#primaryimage\"},\"image\":{\"@id\":\"https:\\\/\\\/barbaboost.com\\\/index.php\\\/ecouter-comprendre\\\/#primaryimage\"},\"thumbnailUrl\":\"http:\\\/\\\/barbaboost.com\\\/wp-content\\\/uploads\\\/2025\\\/11\\\/separateur.png\",\"datePublished\":\"2025-11-05T15:38:49+00:00\",\"dateModified\":\"2025-11-14T11:49:06+00:00\",\"description\":\"Vous \u00e9couter pour mieux vous comprendre. Cr\u00e9er des contenus pens\u00e9s pour durer, coh\u00e9rents et align\u00e9s sur une strat\u00e9gie globale.\",\"breadcrumb\":{\"@id\":\"https:\\\/\\\/barbaboost.com\\\/index.php\\\/ecouter-comprendre\\\/#breadcrumb\"},\"inLanguage\":\"fr-FR\",\"potentialAction\":[{\"@type\":\"ReadAction\",\"target\":[\"https:\\\/\\\/barbaboost.com\\\/index.php\\\/ecouter-comprendre\\\/\"]}]},{\"@type\":\"ImageObject\",\"inLanguage\":\"fr-FR\",\"@id\":\"https:\\\/\\\/barbaboost.com\\\/index.php\\\/ecouter-comprendre\\\/#primaryimage\",\"url\":\"http:\\\/\\\/barbaboost.com\\\/wp-content\\\/uploads\\\/2025\\\/11\\\/separateur.png\",\"contentUrl\":\"http:\\\/\\\/barbaboost.com\\\/wp-content\\\/uploads\\\/2025\\\/11\\\/separateur.png\"},{\"@type\":\"BreadcrumbList\",\"@id\":\"https:\\\/\\\/barbaboost.com\\\/index.php\\\/ecouter-comprendre\\\/#breadcrumb\",\"itemListElement\":[{\"@type\":\"ListItem\",\"position\":1,\"name\":\"Accueil\",\"item\":\"https:\\\/\\\/barbaboost.com\\\/\"},{\"@type\":\"ListItem\",\"position\":2,\"name\":\"Vision\"}]},{\"@type\":\"WebSite\",\"@id\":\"https:\\\/\\\/barbaboost.com\\\/#website\",\"url\":\"https:\\\/\\\/barbaboost.com\\\/\",\"name\":\"Barba BOOST\",\"description\":\"Barba BOOST ta com&#039; \\\/ ton image \\\/ ta notori\u00e9t\u00e9\",\"publisher\":{\"@id\":\"https:\\\/\\\/barbaboost.com\\\/#organization\"},\"potentialAction\":[{\"@type\":\"SearchAction\",\"target\":{\"@type\":\"EntryPoint\",\"urlTemplate\":\"https:\\\/\\\/barbaboost.com\\\/?s={search_term_string}\"},\"query-input\":{\"@type\":\"PropertyValueSpecification\",\"valueRequired\":true,\"valueName\":\"search_term_string\"}}],\"inLanguage\":\"fr-FR\"},{\"@type\":\"Organization\",\"@id\":\"https:\\\/\\\/barbaboost.com\\\/#organization\",\"name\":\"Barba BOOST\",\"url\":\"https:\\\/\\\/barbaboost.com\\\/\",\"logo\":{\"@type\":\"ImageObject\",\"inLanguage\":\"fr-FR\",\"@id\":\"https:\\\/\\\/barbaboost.com\\\/#\\\/schema\\\/logo\\\/image\\\/\",\"url\":\"https:\\\/\\\/barbaboost.com\\\/wp-content\\\/uploads\\\/2025\\\/11\\\/logo.png\",\"contentUrl\":\"https:\\\/\\\/barbaboost.com\\\/wp-content\\\/uploads\\\/2025\\\/11\\\/logo.png\",\"width\":1021,\"height\":283,\"caption\":\"Barba BOOST\"},\"image\":{\"@id\":\"https:\\\/\\\/barbaboost.com\\\/#\\\/schema\\\/logo\\\/image\\\/\"},\"sameAs\":[\"https:\\\/\\\/www.facebook.com\\\/people\\\/BARBA-BOOST\\\/61582244945286\\\/\",\"https:\\\/\\\/www.instagram.com\\\/barbaboost\\\/\"]}]}<\/script>\n<!-- \/ Yoast SEO plugin. -->","yoast_head_json":{"title":"Vision - Barba BOOST","description":"Vous \u00e9couter pour mieux vous comprendre. Cr\u00e9er des contenus pens\u00e9s pour durer, coh\u00e9rents et align\u00e9s sur une strat\u00e9gie globale.","robots":{"index":"index","follow":"follow","max-snippet":"max-snippet:-1","max-image-preview":"max-image-preview:large","max-video-preview":"max-video-preview:-1"},"canonical":"https:\/\/barbaboost.com\/index.php\/ecouter-comprendre\/","og_locale":"fr_FR","og_type":"article","og_title":"Vision - Barba BOOST","og_description":"Vous \u00e9couter pour mieux vous comprendre. Cr\u00e9er des contenus pens\u00e9s pour durer, coh\u00e9rents et align\u00e9s sur une strat\u00e9gie globale.","og_url":"https:\/\/barbaboost.com\/index.php\/ecouter-comprendre\/","og_site_name":"Barba BOOST","article_publisher":"https:\/\/www.facebook.com\/people\/BARBA-BOOST\/61582244945286\/","article_modified_time":"2025-11-14T11:49:06+00:00","og_image":[{"url":"http:\/\/barbaboost.com\/wp-content\/uploads\/2025\/11\/separateur.png","type":"","width":"","height":""}],"twitter_card":"summary_large_image","twitter_misc":{"Dur\u00e9e de lecture estim\u00e9e":"2 minutes"},"schema":{"@context":"https:\/\/schema.org","@graph":[{"@type":"WebPage","@id":"https:\/\/barbaboost.com\/index.php\/ecouter-comprendre\/","url":"https:\/\/barbaboost.com\/index.php\/ecouter-comprendre\/","name":"Vision - Barba BOOST","isPartOf":{"@id":"https:\/\/barbaboost.com\/#website"},"primaryImageOfPage":{"@id":"https:\/\/barbaboost.com\/index.php\/ecouter-comprendre\/#primaryimage"},"image":{"@id":"https:\/\/barbaboost.com\/index.php\/ecouter-comprendre\/#primaryimage"},"thumbnailUrl":"http:\/\/barbaboost.com\/wp-content\/uploads\/2025\/11\/separateur.png","datePublished":"2025-11-05T15:38:49+00:00","dateModified":"2025-11-14T11:49:06+00:00","description":"Vous \u00e9couter pour mieux vous comprendre. Cr\u00e9er des contenus pens\u00e9s pour durer, coh\u00e9rents et align\u00e9s sur une strat\u00e9gie globale.","breadcrumb":{"@id":"https:\/\/barbaboost.com\/index.php\/ecouter-comprendre\/#breadcrumb"},"inLanguage":"fr-FR","potentialAction":[{"@type":"ReadAction","target":["https:\/\/barbaboost.com\/index.php\/ecouter-comprendre\/"]}]},{"@type":"ImageObject","inLanguage":"fr-FR","@id":"https:\/\/barbaboost.com\/index.php\/ecouter-comprendre\/#primaryimage","url":"http:\/\/barbaboost.com\/wp-content\/uploads\/2025\/11\/separateur.png","contentUrl":"http:\/\/barbaboost.com\/wp-content\/uploads\/2025\/11\/separateur.png"},{"@type":"BreadcrumbList","@id":"https:\/\/barbaboost.com\/index.php\/ecouter-comprendre\/#breadcrumb","itemListElement":[{"@type":"ListItem","position":1,"name":"Accueil","item":"https:\/\/barbaboost.com\/"},{"@type":"ListItem","position":2,"name":"Vision"}]},{"@type":"WebSite","@id":"https:\/\/barbaboost.com\/#website","url":"https:\/\/barbaboost.com\/","name":"Barba BOOST","description":"Barba BOOST ta com&#039; \/ ton image \/ ta notori\u00e9t\u00e9","publisher":{"@id":"https:\/\/barbaboost.com\/#organization"},"potentialAction":[{"@type":"SearchAction","target":{"@type":"EntryPoint","urlTemplate":"https:\/\/barbaboost.com\/?s={search_term_string}"},"query-input":{"@type":"PropertyValueSpecification","valueRequired":true,"valueName":"search_term_string"}}],"inLanguage":"fr-FR"},{"@type":"Organization","@id":"https:\/\/barbaboost.com\/#organization","name":"Barba BOOST","url":"https:\/\/barbaboost.com\/","logo":{"@type":"ImageObject","inLanguage":"fr-FR","@id":"https:\/\/barbaboost.com\/#\/schema\/logo\/image\/","url":"https:\/\/barbaboost.com\/wp-content\/uploads\/2025\/11\/logo.png","contentUrl":"https:\/\/barbaboost.com\/wp-content\/uploads\/2025\/11\/logo.png","width":1021,"height":283,"caption":"Barba BOOST"},"image":{"@id":"https:\/\/barbaboost.com\/#\/schema\/logo\/image\/"},"sameAs":["https:\/\/www.facebook.com\/people\/BARBA-BOOST\/61582244945286\/","https:\/\/www.instagram.com\/barbaboost\/"]}]}},"_links":{"self":[{"href":"https:\/\/barbaboost.com\/index.php\/wp-json\/wp\/v2\/pages\/117","targetHints":{"allow":["GET"]}}],"collection":[{"href":"https:\/\/barbaboost.com\/index.php\/wp-json\/wp\/v2\/pages"}],"about":[{"href":"https:\/\/barbaboost.com\/index.php\/wp-json\/wp\/v2\/types\/page"}],"author":[{"embeddable":true,"href":"https:\/\/barbaboost.com\/index.php\/wp-json\/wp\/v2\/users\/1"}],"replies":[{"embeddable":true,"href":"https:\/\/barbaboost.com\/index.php\/wp-json\/wp\/v2\/comments?post=117"}],"version-history":[{"count":8,"href":"https:\/\/barbaboost.com\/index.php\/wp-json\/wp\/v2\/pages\/117\/revisions"}],"predecessor-version":[{"id":133,"href":"https:\/\/barbaboost.com\/index.php\/wp-json\/wp\/v2\/pages\/117\/revisions\/133"}],"wp:attachment":[{"href":"https:\/\/barbaboost.com\/index.php\/wp-json\/wp\/v2\/media?parent=117"}],"curies":[{"name":"wp","href":"https:\/\/api.w.org\/{rel}","templated":true}]}}